{"id":2948,"date":"2024-01-31T14:02:59","date_gmt":"2024-01-31T14:02:59","guid":{"rendered":"https:\/\/ltuarmor.com\/?post_type=product&#038;p=2948"},"modified":"2024-04-30T14:24:07","modified_gmt":"2024-04-30T14:24:07","slug":"bepilociu-skraidykliu-komplektas-specaero-f23-mini","status":"publish","type":"product","link":"https:\/\/ltuarmor.com\/en\/product\/bepilociu-skraidykliu-komplektas-specaero-f23-mini\/","title":{"rendered":"SpecAero F23 Mini Paragliders Suite"},"content":{"rendered":"<p>SpecAero F23 is an excellent paraglider (drone) kit designed for reconnaissance, monitoring, and online video observation, particularly for artillery planned action correction. This paraglider kit provides everything needed for effective mission execution.\n\nThe key components of the paraglider kit include two drones, a ground control station (protected portable computer), catapult antennas, and an additional armament layer. The SpecAero X3 drone is launched using a catapult and is equipped with software such as \"ArduPilot,\" \"Pixhawk,\" \"Mission Planner,\" and \"QGroundControl,\" as well as digital telemetry communication. The SpecAero F23 drone is based on the versatile F23 platform.<\/p>\n<h5>Specifications:<\/h5>\n<p>Type: tactical reconnaissance paraglider<\/p>\n<p>Number of wings: 2 units<\/p>\n<p>Control Station: 1 Set (Flight Modes: FBWA, FBWB, Cruise, TakeOFF, Auto, RTL)<\/p>\n<p>Manual control - Radiomaster TX16 remote control<\/p>\n<p>Materials: foam and wood<\/p>\n<p>Maximum flight weight: 3.5 kg<\/p>\n<p>Drone wingspan: 1.6 m<\/p>\n<p>Type of energy: electric motor<\/p>\n<p>Flight radius: 40 km<\/p>\n<p>Flight time: 120 min<\/p>\n<p>Maximum speed \u2013 90 km\/h (25m\/s)<\/p>\n<p>Cruise speed \u2013 65 km\/h (18 m\/s)<\/p>\n<p>Maximum flight altitude \u2013 1,5 km.<\/p>\n<p>Direct video transmission: 20 km<\/p>\n<p>Control\/telemetry system - PPRC<\/p>\n<p>Video system: analog video. Camera with 3-axis stabilization and 6x digital zoom. Video quality with 2K zoom.<\/p>\n<p>Navigation systems: GNSS and triangulation system<\/p>\n<p>Drone launch method: from a secure launch device or manually<\/p>\n<p>Battery: Li-Ion 6s6p 18 000 mA<\/p>","protected":false},"excerpt":{"rendered":"<p>SpecAero F23 Mini Tactical Reconnaissance Drones Suite<\/p>","protected":false},"featured_media":2949,"template":"","meta":{"site-sidebar-layout":"default","site-content-layout":"default","ast-site-content-layout":"","site-content-style":"default","site-sidebar-style":"default","ast-global-header-display":"","ast-banner-title-visibility":"","ast-main-header-display":"","ast-hfb-above-header-display":"","ast-hfb-below-header-display":"","ast-hfb-mobile-header-display":"","site-post-title":"","ast-breadcrumbs-content":"","ast-featured-img":"","footer-sml-layout":"","theme-transparent-header-meta":"default","adv-header-id-meta":"","stick-header-meta":"","header-above-stick-meta":"","header-main-stick-meta":"","header-below-stick-meta":"","astra-migrate-meta-layouts":"default","ast-page-background-enabled":"default","ast-page-background-meta":{"desktop":{"background-color":"","background-image":"","background-repeat":"repeat","background-position":"center center","background-size":"auto","background-attachment":"scroll","background-type":"","background-media":"","overlay-type":"","overlay-color":"","overlay-opacity":"","overlay-gradient":""},"tablet":{"background-color":"","background-image":"","background-repeat":"repeat","background-position":"center center","background-size":"auto","background-attachment":"scroll","background-type":"","background-media":"","overlay-type":"","overlay-color":"","overlay-opacity":"","overlay-gradient":""},"mobile":{"background-color":"","background-image":"","background-repeat":"repeat","background-position":"center center","background-size":"auto","background-attachment":"scroll","background-type":"","background-media":"","overlay-type":"","overlay-color":"","overlay-opacity":"","overlay-gradient":""}},"ast-content-background-meta":{"desktop":{"background-color":"var(--ast-global-color-5)","background-image":"","background-repeat":"repeat","background-position":"center center","background-size":"auto","background-attachment":"scroll","background-type":"","background-media":"","overlay-type":"","overlay-color":"","overlay-opacity":"","overlay-gradient":""},"tablet":{"background-color":"var(--ast-global-color-5)","background-image":"","background-repeat":"repeat","background-position":"center center","background-size":"auto","background-attachment":"scroll","background-type":"","background-media":"","overlay-type":"","overlay-color":"","overlay-opacity":"","overlay-gradient":""},"mobile":{"background-color":"var(--ast-global-color-5)","background-image":"","background-repeat":"repeat","background-position":"center center","background-size":"auto","background-attachment":"scroll","background-type":"","background-media":"","overlay-type":"","overlay-color":"","overlay-opacity":"","overlay-gradient":""}}},"product_brand":[],"product_cat":[69],"product_tag":[],"class_list":{"0":"post-2948","1":"product","2":"type-product","3":"status-publish","4":"has-post-thumbnail","6":"product_cat-zvalgybines-skraidykles","7":"desktop-align-left","8":"tablet-align-left","9":"mobile-align-left","11":"first","12":"instock","13":"taxable","14":"shipping-taxable","15":"purchasable","16":"product-type-simple"},"yoast_head":"<!-- This site is optimized with the Yoast SEO plugin v24.3 - https:\/\/yoast.com\/wordpress\/plugins\/seo\/ -->\n<title>SpecAero F23 Mini komplektas - ltuarmor.com<\/title>\n<meta name=\"description\" content=\"Bepilot\u0117 skraidykl\u0117 SpecAero F23 yra skirta \u017evalgybai, monitoringui ir vaizdo steb\u0117jimui.\" \/>\n<meta name=\"robots\" content=\"index, follow, max-snippet:-1, max-image-preview:large, max-video-preview:-1\" \/>\n<link rel=\"canonical\" href=\"https:\/\/ltuarmor.com\/en\/product\/bepilociu-skraidykliu-komplektas-specaero-f23-mini\/\" \/>\n<meta property=\"og:locale\" content=\"en_US\" \/>\n<meta property=\"og:type\" content=\"article\" \/>\n<meta property=\"og:title\" content=\"SpecAero F23 Mini komplektas - ltuarmor.com\" \/>\n<meta property=\"og:description\" content=\"Bepilot\u0117 skraidykl\u0117 SpecAero F23 yra skirta \u017evalgybai, monitoringui ir vaizdo steb\u0117jimui.\" \/>\n<meta property=\"og:url\" content=\"https:\/\/ltuarmor.com\/en\/product\/bepilociu-skraidykliu-komplektas-specaero-f23-mini\/\" \/>\n<meta property=\"og:site_name\" content=\"ltuarmor.com\" \/>\n<meta property=\"article:modified_time\" content=\"2024-04-30T14:24:07+00:00\" \/>\n<meta property=\"og:image\" content=\"https:\/\/ltuarmor.com\/wp-content\/uploads\/2024\/01\/Specaero-F23_Mini.webp\" \/>\n\t<meta property=\"og:image:width\" content=\"1771\" \/>\n\t<meta property=\"og:image:height\" content=\"1187\" \/>\n\t<meta property=\"og:image:type\" content=\"image\/webp\" \/>\n<meta name=\"twitter:card\" content=\"summary_large_image\" \/>\n<meta name=\"twitter:label1\" content=\"Est. reading time\" \/>\n\t<meta name=\"twitter:data1\" content=\"2 minutes\" \/>\n<script type=\"application\/ld+json\" class=\"yoast-schema-graph\">{\"@context\":\"https:\/\/schema.org\",\"@graph\":[{\"@type\":\"WebPage\",\"@id\":\"https:\/\/ltuarmor.com\/produktas\/bepilociu-skraidykliu-komplektas-specaero-f23-mini\/\",\"url\":\"https:\/\/ltuarmor.com\/produktas\/bepilociu-skraidykliu-komplektas-specaero-f23-mini\/\",\"name\":\"SpecAero F23 Mini komplektas - ltuarmor.com\",\"isPartOf\":{\"@id\":\"https:\/\/ltuarmor.com\/#website\"},\"primaryImageOfPage\":{\"@id\":\"https:\/\/ltuarmor.com\/produktas\/bepilociu-skraidykliu-komplektas-specaero-f23-mini\/#primaryimage\"},\"image\":{\"@id\":\"https:\/\/ltuarmor.com\/produktas\/bepilociu-skraidykliu-komplektas-specaero-f23-mini\/#primaryimage\"},\"thumbnailUrl\":\"https:\/\/ltuarmor.com\/wp-content\/uploads\/2024\/01\/Specaero-F23_Mini.webp\",\"datePublished\":\"2024-01-31T14:02:59+00:00\",\"dateModified\":\"2024-04-30T14:24:07+00:00\",\"description\":\"Bepilot\u0117 skraidykl\u0117 SpecAero F23 yra skirta \u017evalgybai, monitoringui ir vaizdo steb\u0117jimui.\",\"breadcrumb\":{\"@id\":\"https:\/\/ltuarmor.com\/produktas\/bepilociu-skraidykliu-komplektas-specaero-f23-mini\/#breadcrumb\"},\"inLanguage\":\"en-US\",\"potentialAction\":[{\"@type\":\"ReadAction\",\"target\":[\"https:\/\/ltuarmor.com\/produktas\/bepilociu-skraidykliu-komplektas-specaero-f23-mini\/\"]}]},{\"@type\":\"ImageObject\",\"inLanguage\":\"en-US\",\"@id\":\"https:\/\/ltuarmor.com\/produktas\/bepilociu-skraidykliu-komplektas-specaero-f23-mini\/#primaryimage\",\"url\":\"https:\/\/ltuarmor.com\/wp-content\/uploads\/2024\/01\/Specaero-F23_Mini.webp\",\"contentUrl\":\"https:\/\/ltuarmor.com\/wp-content\/uploads\/2024\/01\/Specaero-F23_Mini.webp\",\"width\":1771,\"height\":1187},{\"@type\":\"BreadcrumbList\",\"@id\":\"https:\/\/ltuarmor.com\/produktas\/bepilociu-skraidykliu-komplektas-specaero-f23-mini\/#breadcrumb\",\"itemListElement\":[{\"@type\":\"ListItem\",\"position\":1,\"name\":\"Home\",\"item\":\"https:\/\/ltuarmor.com\/\"},{\"@type\":\"ListItem\",\"position\":2,\"name\":\"Parduotuv\u0117\",\"item\":\"https:\/\/ltuarmor.com\/parduotuve\/\"},{\"@type\":\"ListItem\",\"position\":3,\"name\":\"SpecAero F23 Mini komplektas\"}]},{\"@type\":\"WebSite\",\"@id\":\"https:\/\/ltuarmor.com\/#website\",\"url\":\"https:\/\/ltuarmor.com\/\",\"name\":\"ltuarmor.com\",\"description\":\"Parduodamos taktin\u0117s ir \u017evalgybin\u0117s bepilot\u0117s skraidykl\u0117s ir dronai bei j\u0173 priedai\",\"publisher\":{\"@id\":\"https:\/\/ltuarmor.com\/#organization\"},\"potentialAction\":[{\"@type\":\"SearchAction\",\"target\":{\"@type\":\"EntryPoint\",\"urlTemplate\":\"https:\/\/ltuarmor.com\/?s={search_term_string}\"},\"query-input\":{\"@type\":\"PropertyValueSpecification\",\"valueRequired\":true,\"valueName\":\"search_term_string\"}}],\"inLanguage\":\"en-US\"},{\"@type\":\"Organization\",\"@id\":\"https:\/\/ltuarmor.com\/#organization\",\"name\":\"LTUarmor\",\"url\":\"https:\/\/ltuarmor.com\/\",\"logo\":{\"@type\":\"ImageObject\",\"inLanguage\":\"en-US\",\"@id\":\"https:\/\/ltuarmor.com\/#\/schema\/logo\/image\/\",\"url\":\"https:\/\/ltuarmor.com\/wp-content\/uploads\/2023\/05\/logo-ltu-1080x1080px.png\",\"contentUrl\":\"https:\/\/ltuarmor.com\/wp-content\/uploads\/2023\/05\/logo-ltu-1080x1080px.png\",\"width\":1080,\"height\":1080,\"caption\":\"LTUarmor\"},\"image\":{\"@id\":\"https:\/\/ltuarmor.com\/#\/schema\/logo\/image\/\"}}]}<\/script>\n<!-- \/ Yoast SEO plugin. -->","yoast_head_json":{"title":"SpecAero F23 Mini komplektas - ltuarmor.com","description":"Bepilot\u0117 skraidykl\u0117 SpecAero F23 yra skirta \u017evalgybai, monitoringui ir vaizdo steb\u0117jimui.","robots":{"index":"index","follow":"follow","max-snippet":"max-snippet:-1","max-image-preview":"max-image-preview:large","max-video-preview":"max-video-preview:-1"},"canonical":"https:\/\/ltuarmor.com\/en\/product\/bepilociu-skraidykliu-komplektas-specaero-f23-mini\/","og_locale":"en_US","og_type":"article","og_title":"SpecAero F23 Mini komplektas - ltuarmor.com","og_description":"Bepilot\u0117 skraidykl\u0117 SpecAero F23 yra skirta \u017evalgybai, monitoringui ir vaizdo steb\u0117jimui.","og_url":"https:\/\/ltuarmor.com\/en\/product\/bepilociu-skraidykliu-komplektas-specaero-f23-mini\/","og_site_name":"ltuarmor.com","article_modified_time":"2024-04-30T14:24:07+00:00","og_image":[{"width":1771,"height":1187,"url":"https:\/\/ltuarmor.com\/wp-content\/uploads\/2024\/01\/Specaero-F23_Mini.webp","type":"image\/webp"}],"twitter_card":"summary_large_image","twitter_misc":{"Est. reading time":"2 minutes"},"schema":{"@context":"https:\/\/schema.org","@graph":[{"@type":"WebPage","@id":"https:\/\/ltuarmor.com\/produktas\/bepilociu-skraidykliu-komplektas-specaero-f23-mini\/","url":"https:\/\/ltuarmor.com\/produktas\/bepilociu-skraidykliu-komplektas-specaero-f23-mini\/","name":"SpecAero F23 Mini komplektas - ltuarmor.com","isPartOf":{"@id":"https:\/\/ltuarmor.com\/#website"},"primaryImageOfPage":{"@id":"https:\/\/ltuarmor.com\/produktas\/bepilociu-skraidykliu-komplektas-specaero-f23-mini\/#primaryimage"},"image":{"@id":"https:\/\/ltuarmor.com\/produktas\/bepilociu-skraidykliu-komplektas-specaero-f23-mini\/#primaryimage"},"thumbnailUrl":"https:\/\/ltuarmor.com\/wp-content\/uploads\/2024\/01\/Specaero-F23_Mini.webp","datePublished":"2024-01-31T14:02:59+00:00","dateModified":"2024-04-30T14:24:07+00:00","description":"Bepilot\u0117 skraidykl\u0117 SpecAero F23 yra skirta \u017evalgybai, monitoringui ir vaizdo steb\u0117jimui.","breadcrumb":{"@id":"https:\/\/ltuarmor.com\/produktas\/bepilociu-skraidykliu-komplektas-specaero-f23-mini\/#breadcrumb"},"inLanguage":"en-US","potentialAction":[{"@type":"ReadAction","target":["https:\/\/ltuarmor.com\/produktas\/bepilociu-skraidykliu-komplektas-specaero-f23-mini\/"]}]},{"@type":"ImageObject","inLanguage":"en-US","@id":"https:\/\/ltuarmor.com\/produktas\/bepilociu-skraidykliu-komplektas-specaero-f23-mini\/#primaryimage","url":"https:\/\/ltuarmor.com\/wp-content\/uploads\/2024\/01\/Specaero-F23_Mini.webp","contentUrl":"https:\/\/ltuarmor.com\/wp-content\/uploads\/2024\/01\/Specaero-F23_Mini.webp","width":1771,"height":1187},{"@type":"BreadcrumbList","@id":"https:\/\/ltuarmor.com\/produktas\/bepilociu-skraidykliu-komplektas-specaero-f23-mini\/#breadcrumb","itemListElement":[{"@type":"ListItem","position":1,"name":"Home","item":"https:\/\/ltuarmor.com\/"},{"@type":"ListItem","position":2,"name":"Parduotuv\u0117","item":"https:\/\/ltuarmor.com\/parduotuve\/"},{"@type":"ListItem","position":3,"name":"SpecAero F23 Mini komplektas"}]},{"@type":"WebSite","@id":"https:\/\/ltuarmor.com\/#website","url":"https:\/\/ltuarmor.com\/","name":"ltuarmor.com","description":"Parduodamos taktin\u0117s ir \u017evalgybin\u0117s bepilot\u0117s skraidykl\u0117s ir dronai bei j\u0173 priedai","publisher":{"@id":"https:\/\/ltuarmor.com\/#organization"},"potentialAction":[{"@type":"SearchAction","target":{"@type":"EntryPoint","urlTemplate":"https:\/\/ltuarmor.com\/?s={search_term_string}"},"query-input":{"@type":"PropertyValueSpecification","valueRequired":true,"valueName":"search_term_string"}}],"inLanguage":"en-US"},{"@type":"Organization","@id":"https:\/\/ltuarmor.com\/#organization","name":"LTUarmor","url":"https:\/\/ltuarmor.com\/","logo":{"@type":"ImageObject","inLanguage":"en-US","@id":"https:\/\/ltuarmor.com\/#\/schema\/logo\/image\/","url":"https:\/\/ltuarmor.com\/wp-content\/uploads\/2023\/05\/logo-ltu-1080x1080px.png","contentUrl":"https:\/\/ltuarmor.com\/wp-content\/uploads\/2023\/05\/logo-ltu-1080x1080px.png","width":1080,"height":1080,"caption":"LTUarmor"},"image":{"@id":"https:\/\/ltuarmor.com\/#\/schema\/logo\/image\/"}}]}},"jetpack_sharing_enabled":true,"_links":{"self":[{"href":"https:\/\/ltuarmor.com\/en\/wp-json\/wp\/v2\/product\/2948","targetHints":{"allow":["GET"]}}],"collection":[{"href":"https:\/\/ltuarmor.com\/en\/wp-json\/wp\/v2\/product"}],"about":[{"href":"https:\/\/ltuarmor.com\/en\/wp-json\/wp\/v2\/types\/product"}],"wp:featuredmedia":[{"embeddable":true,"href":"https:\/\/ltuarmor.com\/en\/wp-json\/wp\/v2\/media\/2949"}],"wp:attachment":[{"href":"https:\/\/ltuarmor.com\/en\/wp-json\/wp\/v2\/media?parent=2948"}],"wp:term":[{"taxonomy":"product_brand","embeddable":true,"href":"https:\/\/ltuarmor.com\/en\/wp-json\/wp\/v2\/product_brand?post=2948"},{"taxonomy":"product_cat","embeddable":true,"href":"https:\/\/ltuarmor.com\/en\/wp-json\/wp\/v2\/product_cat?post=2948"},{"taxonomy":"product_tag","embeddable":true,"href":"https:\/\/ltuarmor.com\/en\/wp-json\/wp\/v2\/product_tag?post=2948"}],"curies":[{"name":"wp","href":"https:\/\/api.w.org\/{rel}","templated":true}]}}