{"id":2569,"date":"2023-07-13T14:19:30","date_gmt":"2023-07-13T14:19:30","guid":{"rendered":"https:\/\/ltuarmor.com\/?post_type=product&#038;p=2569"},"modified":"2024-07-04T17:35:46","modified_gmt":"2024-07-04T17:35:46","slug":"provocator-sh-kaina-be-vpn","status":"publish","type":"product","link":"https:\/\/ltuarmor.com\/en\/product\/provocator-sh-kaina-be-vpn\/","title":{"rendered":"Provocator \u2013 SH"},"content":{"rendered":"<p>BSA Provocator \u2013 SH kit<\/p>\n<h5>Purpose of use:<\/h5>\n<p>The purpose of this kit is to provoke the enemy by forcing them to use air defence firearms to reveal their positions or consume expensive munitions like missiles.<\/p>\n<p>It generates passive mechanical interference to disrupt the enemy's air defence systems.<\/p>\n<p>Psychological actions are employed to cause prolonged exhaustion or distract enemy personnel from our drones.<\/p>\n<p>Equipment:<\/p>\n<p>The kit consists of three flying devices (Flying Machines), a control panel, a charger, batteries and a quick start system.<\/p>\n<h5>Specifications:<\/h5>\n<p>Maximum flight time \u2013 up to 3 hours<\/p>\n<p>Maximum one-way flight distance \u2013 up to 210 km.<\/p>\n<p>Cruise speed \u2013 70 km\/h<\/p>\n<p>Maximum speed \u2013 up to 130 km\/h<\/p>\n<p>Maximum flight altitude \u2013 3 km.<\/p>\n<p>Package price: EUR 6,800 excluding VAT*<\/p>\n<h5>Detailed characteristics<\/h5>\n<p>The paraglider is constructed from expanded polypropylene (EPP) and features a metallic heat-resistant paint coating. It has a wingspan of 990 mm; Take-Off weight with 4S 12A battery is 1.9 kg; The Monok case does not include cameras or means of transmitting video or photos. The unit is equipped with GPS, a barometer, and an inertial system to follow a specific low-altitude route.<\/p>\n<p>Thin metal triangles are installed in the fuselage to reinforce the lower part of the air defence glider.<\/p>\n<p>By incorporating our metallic elements into this aircraft, it ensures detection by enemy air defences** but prevents identification of precise location.<\/p>\n<p>COMMENTS:<\/p>\n<p>* The price includes operator training for the hang glider.<\/p>\n<p>**Detection range of the 9S18 Dome radar station will be 20-50 km (with a minimum altitude of 300 meters).<\/p>","protected":false},"excerpt":{"rendered":"<p>BSA Provocator \u2013 SH kit<\/p>","protected":false},"featured_media":1474,"template":"","meta":{"site-sidebar-layout":"default","site-content-layout":"default","ast-site-content-layout":"","site-content-style":"default","site-sidebar-style":"default","ast-global-header-display":"","ast-banner-title-visibility":"","ast-main-header-display":"","ast-hfb-above-header-display":"","ast-hfb-below-header-display":"","ast-hfb-mobile-header-display":"","site-post-title":"","ast-breadcrumbs-content":"","ast-featured-img":"","footer-sml-layout":"","theme-transparent-header-meta":"default","adv-header-id-meta":"","stick-header-meta":"","header-above-stick-meta":"","header-main-stick-meta":"","header-below-stick-meta":"","astra-migrate-meta-layouts":"default","ast-page-background-enabled":"default","ast-page-background-meta":{"desktop":{"background-color":"","background-image":"","background-repeat":"repeat","background-position":"center center","background-size":"auto","background-attachment":"scroll","background-type":"","background-media":"","overlay-type":"","overlay-color":"","overlay-opacity":"","overlay-gradient":""},"tablet":{"background-color":"","background-image":"","background-repeat":"repeat","background-position":"center center","background-size":"auto","background-attachment":"scroll","background-type":"","background-media":"","overlay-type":"","overlay-color":"","overlay-opacity":"","overlay-gradient":""},"mobile":{"background-color":"","background-image":"","background-repeat":"repeat","background-position":"center center","background-size":"auto","background-attachment":"scroll","background-type":"","background-media":"","overlay-type":"","overlay-color":"","overlay-opacity":"","overlay-gradient":""}},"ast-content-background-meta":{"desktop":{"background-color":"var(--ast-global-color-5)","background-image":"","background-repeat":"repeat","background-position":"center center","background-size":"auto","background-attachment":"scroll","background-type":"","background-media":"","overlay-type":"","overlay-color":"","overlay-opacity":"","overlay-gradient":""},"tablet":{"background-color":"var(--ast-global-color-5)","background-image":"","background-repeat":"repeat","background-position":"center center","background-size":"auto","background-attachment":"scroll","background-type":"","background-media":"","overlay-type":"","overlay-color":"","overlay-opacity":"","overlay-gradient":""},"mobile":{"background-color":"var(--ast-global-color-5)","background-image":"","background-repeat":"repeat","background-position":"center center","background-size":"auto","background-attachment":"scroll","background-type":"","background-media":"","overlay-type":"","overlay-color":"","overlay-opacity":"","overlay-gradient":""}}},"product_brand":[],"product_cat":[15],"product_tag":[],"class_list":{"0":"post-2569","1":"product","2":"type-product","3":"status-publish","4":"has-post-thumbnail","6":"product_cat-uncategorized","7":"desktop-align-left","8":"tablet-align-left","9":"mobile-align-left","11":"first","12":"instock","13":"purchasable","14":"product-type-simple"},"yoast_head":"<!-- This site is optimized with the Yoast SEO plugin v24.3 - https:\/\/yoast.com\/wordpress\/plugins\/seo\/ -->\n<title>Provocator - SH - ltuarmor.com<\/title>\n<meta name=\"robots\" content=\"index, follow, max-snippet:-1, max-image-preview:large, max-video-preview:-1\" \/>\n<link rel=\"canonical\" href=\"https:\/\/ltuarmor.com\/en\/product\/provocator-sh-kaina-be-vpn\/\" \/>\n<meta property=\"og:locale\" content=\"en_US\" \/>\n<meta property=\"og:type\" content=\"article\" \/>\n<meta property=\"og:title\" content=\"Provocator - SH - ltuarmor.com\" \/>\n<meta property=\"og:description\" content=\"BSA \u201eProvocator - SH\u201c komplektas\" \/>\n<meta property=\"og:url\" content=\"https:\/\/ltuarmor.com\/en\/product\/provocator-sh-kaina-be-vpn\/\" \/>\n<meta property=\"og:site_name\" content=\"ltuarmor.com\" \/>\n<meta property=\"article:modified_time\" content=\"2024-07-04T17:35:46+00:00\" \/>\n<meta property=\"og:image\" content=\"https:\/\/ltuarmor.com\/wp-content\/uploads\/2021\/03\/Spec-aero-shukach-1-1024x653-1.webp\" \/>\n\t<meta property=\"og:image:width\" content=\"1181\" \/>\n\t<meta property=\"og:image:height\" content=\"753\" \/>\n\t<meta property=\"og:image:type\" content=\"image\/webp\" \/>\n<meta name=\"twitter:card\" content=\"summary_large_image\" \/>\n<meta name=\"twitter:label1\" content=\"Est. reading time\" \/>\n\t<meta name=\"twitter:data1\" content=\"2 minutes\" \/>\n<script type=\"application\/ld+json\" class=\"yoast-schema-graph\">{\"@context\":\"https:\/\/schema.org\",\"@graph\":[{\"@type\":\"WebPage\",\"@id\":\"https:\/\/ltuarmor.com\/produktas\/provocator-sh-kaina-be-vpn\/\",\"url\":\"https:\/\/ltuarmor.com\/produktas\/provocator-sh-kaina-be-vpn\/\",\"name\":\"Provocator - SH - ltuarmor.com\",\"isPartOf\":{\"@id\":\"https:\/\/ltuarmor.com\/#website\"},\"primaryImageOfPage\":{\"@id\":\"https:\/\/ltuarmor.com\/produktas\/provocator-sh-kaina-be-vpn\/#primaryimage\"},\"image\":{\"@id\":\"https:\/\/ltuarmor.com\/produktas\/provocator-sh-kaina-be-vpn\/#primaryimage\"},\"thumbnailUrl\":\"https:\/\/ltuarmor.com\/wp-content\/uploads\/2021\/03\/Spec-aero-shukach-1-1024x653-1.webp\",\"datePublished\":\"2023-07-13T14:19:30+00:00\",\"dateModified\":\"2024-07-04T17:35:46+00:00\",\"breadcrumb\":{\"@id\":\"https:\/\/ltuarmor.com\/produktas\/provocator-sh-kaina-be-vpn\/#breadcrumb\"},\"inLanguage\":\"en-US\",\"potentialAction\":[{\"@type\":\"ReadAction\",\"target\":[\"https:\/\/ltuarmor.com\/produktas\/provocator-sh-kaina-be-vpn\/\"]}]},{\"@type\":\"ImageObject\",\"inLanguage\":\"en-US\",\"@id\":\"https:\/\/ltuarmor.com\/produktas\/provocator-sh-kaina-be-vpn\/#primaryimage\",\"url\":\"https:\/\/ltuarmor.com\/wp-content\/uploads\/2021\/03\/Spec-aero-shukach-1-1024x653-1.webp\",\"contentUrl\":\"https:\/\/ltuarmor.com\/wp-content\/uploads\/2021\/03\/Spec-aero-shukach-1-1024x653-1.webp\",\"width\":1181,\"height\":753},{\"@type\":\"BreadcrumbList\",\"@id\":\"https:\/\/ltuarmor.com\/produktas\/provocator-sh-kaina-be-vpn\/#breadcrumb\",\"itemListElement\":[{\"@type\":\"ListItem\",\"position\":1,\"name\":\"Home\",\"item\":\"https:\/\/ltuarmor.com\/\"},{\"@type\":\"ListItem\",\"position\":2,\"name\":\"Parduotuv\u0117\",\"item\":\"https:\/\/ltuarmor.com\/parduotuve\/\"},{\"@type\":\"ListItem\",\"position\":3,\"name\":\"Provocator &#8211; SH\"}]},{\"@type\":\"WebSite\",\"@id\":\"https:\/\/ltuarmor.com\/#website\",\"url\":\"https:\/\/ltuarmor.com\/\",\"name\":\"ltuarmor.com\",\"description\":\"Parduodamos taktin\u0117s ir \u017evalgybin\u0117s bepilot\u0117s skraidykl\u0117s ir dronai bei j\u0173 priedai\",\"publisher\":{\"@id\":\"https:\/\/ltuarmor.com\/#organization\"},\"potentialAction\":[{\"@type\":\"SearchAction\",\"target\":{\"@type\":\"EntryPoint\",\"urlTemplate\":\"https:\/\/ltuarmor.com\/?s={search_term_string}\"},\"query-input\":{\"@type\":\"PropertyValueSpecification\",\"valueRequired\":true,\"valueName\":\"search_term_string\"}}],\"inLanguage\":\"en-US\"},{\"@type\":\"Organization\",\"@id\":\"https:\/\/ltuarmor.com\/#organization\",\"name\":\"LTUarmor\",\"url\":\"https:\/\/ltuarmor.com\/\",\"logo\":{\"@type\":\"ImageObject\",\"inLanguage\":\"en-US\",\"@id\":\"https:\/\/ltuarmor.com\/#\/schema\/logo\/image\/\",\"url\":\"https:\/\/ltuarmor.com\/wp-content\/uploads\/2023\/05\/logo-ltu-1080x1080px.png\",\"contentUrl\":\"https:\/\/ltuarmor.com\/wp-content\/uploads\/2023\/05\/logo-ltu-1080x1080px.png\",\"width\":1080,\"height\":1080,\"caption\":\"LTUarmor\"},\"image\":{\"@id\":\"https:\/\/ltuarmor.com\/#\/schema\/logo\/image\/\"}}]}<\/script>\n<!-- \/ Yoast SEO plugin. -->","yoast_head_json":{"title":"Provocator - SH - ltuarmor.com","robots":{"index":"index","follow":"follow","max-snippet":"max-snippet:-1","max-image-preview":"max-image-preview:large","max-video-preview":"max-video-preview:-1"},"canonical":"https:\/\/ltuarmor.com\/en\/product\/provocator-sh-kaina-be-vpn\/","og_locale":"en_US","og_type":"article","og_title":"Provocator - SH - ltuarmor.com","og_description":"BSA \u201eProvocator - SH\u201c komplektas","og_url":"https:\/\/ltuarmor.com\/en\/product\/provocator-sh-kaina-be-vpn\/","og_site_name":"ltuarmor.com","article_modified_time":"2024-07-04T17:35:46+00:00","og_image":[{"width":1181,"height":753,"url":"https:\/\/ltuarmor.com\/wp-content\/uploads\/2021\/03\/Spec-aero-shukach-1-1024x653-1.webp","type":"image\/webp"}],"twitter_card":"summary_large_image","twitter_misc":{"Est. reading time":"2 minutes"},"schema":{"@context":"https:\/\/schema.org","@graph":[{"@type":"WebPage","@id":"https:\/\/ltuarmor.com\/produktas\/provocator-sh-kaina-be-vpn\/","url":"https:\/\/ltuarmor.com\/produktas\/provocator-sh-kaina-be-vpn\/","name":"Provocator - SH - ltuarmor.com","isPartOf":{"@id":"https:\/\/ltuarmor.com\/#website"},"primaryImageOfPage":{"@id":"https:\/\/ltuarmor.com\/produktas\/provocator-sh-kaina-be-vpn\/#primaryimage"},"image":{"@id":"https:\/\/ltuarmor.com\/produktas\/provocator-sh-kaina-be-vpn\/#primaryimage"},"thumbnailUrl":"https:\/\/ltuarmor.com\/wp-content\/uploads\/2021\/03\/Spec-aero-shukach-1-1024x653-1.webp","datePublished":"2023-07-13T14:19:30+00:00","dateModified":"2024-07-04T17:35:46+00:00","breadcrumb":{"@id":"https:\/\/ltuarmor.com\/produktas\/provocator-sh-kaina-be-vpn\/#breadcrumb"},"inLanguage":"en-US","potentialAction":[{"@type":"ReadAction","target":["https:\/\/ltuarmor.com\/produktas\/provocator-sh-kaina-be-vpn\/"]}]},{"@type":"ImageObject","inLanguage":"en-US","@id":"https:\/\/ltuarmor.com\/produktas\/provocator-sh-kaina-be-vpn\/#primaryimage","url":"https:\/\/ltuarmor.com\/wp-content\/uploads\/2021\/03\/Spec-aero-shukach-1-1024x653-1.webp","contentUrl":"https:\/\/ltuarmor.com\/wp-content\/uploads\/2021\/03\/Spec-aero-shukach-1-1024x653-1.webp","width":1181,"height":753},{"@type":"BreadcrumbList","@id":"https:\/\/ltuarmor.com\/produktas\/provocator-sh-kaina-be-vpn\/#breadcrumb","itemListElement":[{"@type":"ListItem","position":1,"name":"Home","item":"https:\/\/ltuarmor.com\/"},{"@type":"ListItem","position":2,"name":"Parduotuv\u0117","item":"https:\/\/ltuarmor.com\/parduotuve\/"},{"@type":"ListItem","position":3,"name":"Provocator &#8211; SH"}]},{"@type":"WebSite","@id":"https:\/\/ltuarmor.com\/#website","url":"https:\/\/ltuarmor.com\/","name":"ltuarmor.com","description":"Parduodamos taktin\u0117s ir \u017evalgybin\u0117s bepilot\u0117s skraidykl\u0117s ir dronai bei j\u0173 priedai","publisher":{"@id":"https:\/\/ltuarmor.com\/#organization"},"potentialAction":[{"@type":"SearchAction","target":{"@type":"EntryPoint","urlTemplate":"https:\/\/ltuarmor.com\/?s={search_term_string}"},"query-input":{"@type":"PropertyValueSpecification","valueRequired":true,"valueName":"search_term_string"}}],"inLanguage":"en-US"},{"@type":"Organization","@id":"https:\/\/ltuarmor.com\/#organization","name":"LTUarmor","url":"https:\/\/ltuarmor.com\/","logo":{"@type":"ImageObject","inLanguage":"en-US","@id":"https:\/\/ltuarmor.com\/#\/schema\/logo\/image\/","url":"https:\/\/ltuarmor.com\/wp-content\/uploads\/2023\/05\/logo-ltu-1080x1080px.png","contentUrl":"https:\/\/ltuarmor.com\/wp-content\/uploads\/2023\/05\/logo-ltu-1080x1080px.png","width":1080,"height":1080,"caption":"LTUarmor"},"image":{"@id":"https:\/\/ltuarmor.com\/#\/schema\/logo\/image\/"}}]}},"jetpack_sharing_enabled":true,"_links":{"self":[{"href":"https:\/\/ltuarmor.com\/en\/wp-json\/wp\/v2\/product\/2569","targetHints":{"allow":["GET"]}}],"collection":[{"href":"https:\/\/ltuarmor.com\/en\/wp-json\/wp\/v2\/product"}],"about":[{"href":"https:\/\/ltuarmor.com\/en\/wp-json\/wp\/v2\/types\/product"}],"wp:featuredmedia":[{"embeddable":true,"href":"https:\/\/ltuarmor.com\/en\/wp-json\/wp\/v2\/media\/1474"}],"wp:attachment":[{"href":"https:\/\/ltuarmor.com\/en\/wp-json\/wp\/v2\/media?parent=2569"}],"wp:term":[{"taxonomy":"product_brand","embeddable":true,"href":"https:\/\/ltuarmor.com\/en\/wp-json\/wp\/v2\/product_brand?post=2569"},{"taxonomy":"product_cat","embeddable":true,"href":"https:\/\/ltuarmor.com\/en\/wp-json\/wp\/v2\/product_cat?post=2569"},{"taxonomy":"product_tag","embeddable":true,"href":"https:\/\/ltuarmor.com\/en\/wp-json\/wp\/v2\/product_tag?post=2569"}],"curies":[{"name":"wp","href":"https:\/\/api.w.org\/{rel}","templated":true}]}}