{"id":1625,"date":"2023-05-15T09:29:16","date_gmt":"2023-05-15T09:29:16","guid":{"rendered":"https:\/\/ltuarmor.com\/?post_type=product&#038;p=1625"},"modified":"2024-07-04T17:38:26","modified_gmt":"2024-07-04T17:38:26","slug":"taktinis-zvalgybinis-komplektas-specaero-x2","status":"publish","type":"product","link":"https:\/\/ltuarmor.com\/en\/product\/taktinis-zvalgybinis-komplektas-specaero-x2\/","title":{"rendered":"SpecAero X2 tactical reconnaissance suite:"},"content":{"rendered":"<p><strong>SpecAero X2 tactical kit:<\/strong><\/p>\n<h5><strong>EQUIPMENT<\/strong><\/h5>\n<div>Flyer \u2013 2 pcs<\/div>\n<div>Control Panel \u2013 1 pcs<\/div>\n<div>GoPro camera \u2013 2 pcs<\/div>\n<div>Memory card 64 Gb \u2013 2 pcs<\/div>\n<div>Operator goggles \u2013 1 pcs<\/div>\n<div>Battery \u2013 2 pcs<\/div>\n<div>Safe Start Device \u2013 1 pcs<\/div>\n<div>Charger \u2013 1 pcs<\/div>\n<p>&nbsp;<\/p>\n<h5><strong>TECHNICAL CHARACTERISTICS (mass, size)<\/strong><\/h5>\n<div>Mass of the hang glider: 1420 g (with included 10000 mA battery and GoPro 10)<\/div>\n<div>Outline (length x width x height):<\/div>\n<div style=\"padding-left: 40px;\">Extended with wings \u2013 998x482x125 mm<\/div>\n<div style=\"padding-left: 40px;\">Folded without wings \u2013 445x482x125 mm<\/div>\n<div>Flyer diagonal: 1,000 mm<\/div>\n<div>Maximum take-off speed: 12 m\/sec<\/div>\n<p>&nbsp;<\/p>\n<h5><strong>TECHNICAL CHARACTERISTICS (options, standards)<\/strong><\/h5>\n<div>ISO range:<\/div>\n<div style=\"padding-left: 40px;\">Video: 100-6400<\/div>\n<div style=\"padding-left: 40px;\">Static image: 100-6400<\/div>\n<div>Maximum image size: 5568 x 4176<\/div>\n<div>Video format: MP4\/MOV (MPEG-4 AVC\/H.264, HEVC\/H.265)<\/div>\n<div>\n<div>Shooting mode:<\/div>\n<div style=\"padding-left: 40px;\">Single frame shooting<\/div>\n<div style=\"padding-left: 40px;\">Photo: 23 MP<\/div>\n<div>\n<div>Video resolution:<\/div>\n<div style=\"padding-left: 40px;\">H264\/H.265<\/div>\n<div style=\"padding-left: 40px;\">5,3K\/60 fps, 4K\/120 fps, 1080p\/240 fps<\/div>\n<div>\u00a0Digital zoom: Not present<\/div>\n<\/div>\n<p>&nbsp;<\/p>\n<div>\n<h5><strong>STABILIZATION<\/strong><\/h5>\n<\/div>\n<div>Stabilization: 3-axis<\/div>\n<div>Mechanical tilt angle range: Not present<\/div>\n<div>Operating torsion angle range: Not present<\/div>\n<div><\/div>\n<p>&nbsp;<\/p>\n<h5><strong>TRIKD\u017dI\u0172 ATPA\u017dINIMAS<\/strong><\/h5>\n<div>Sensori\u0173 sistema: Trikd\u017ei\u0173 atpa\u017einimo n\u0117ra<\/div>\n<div><\/div>\n<p>&nbsp;<\/p>\n<h5><strong>VIDEO SIGNALO PERDAVIMAS<\/strong><\/h5>\n<div>Video perdavimo sistema: Skaitmenin\u0117 DJI Unit<br \/>\nTransliacijos kokyb\u0117: Operatoriaus akiniai BSA: 1080p prie 60 kadr\u0173 \/sek.<br \/>\nDarbini\u0173 da\u017eni\u0173 diapazonas: <span style=\"font-size: 16px;\">5,8 GGz<\/span><\/div>\n<div>\n<div>Maksimalus atstumas signalo perdavimo: Iki 8 km.<\/div>\n<div>Signalo perdavimo diapazonas (FCC):<\/div>\n<div style=\"padding-left: 40px;\">Dideli trikd\u017eiai (miesto land\u0161aftas, ribotas matomumas, daug pana\u0161i\u0173 (konkuruojan\u010di\u0173) signal\u0173): apie 2-3 km.<\/div>\n<div style=\"padding-left: 40px;\">Vidutiniai trikd\u017eiai (priemies\u010dio land\u0161aftas, geras matomumas, vidutinis kiekis panasi\u0173 (konkuruojan\u010di\u0173) signal\u0173: apie 3-6 km.<\/div>\n<div>Signalo u\u017elaikymas (priklauso nuo vietov\u0117s s\u0105lyg\u0173):\u00a080 Msek.<\/div>\n<div>Antenos: Visakrypt\u0117s 2 antenos<\/div>\n<div>Si\u0173stuvo galia:\u00a01 W5,8 GGz<\/div>\n<div><\/div>\n<p>&nbsp;<\/p>\n<h5><strong>BATERIJA<\/strong><\/h5>\n<div>Talpa: 10 000 mA \/val.<\/div>\n<div>\u012etampa: 14,8 V<\/div>\n<div>Maksimalus nusileidimo greitis: 25 m\/s<\/div>\n<div>Maksimalus greitis (j\u016bros lygis, be v\u0117jo): 36 m\/s<\/div>\n<div>Maksimalus auk\u0161tis (j\u016bros lygis): 3000 m<\/div>\n<div>Maksimalus skryd\u017eio laikas (be v\u0117jo): 120 min.<\/div>\n<div>Maksimalus kab\u0117jimo laikas (be v\u0117jo): N\u0117ra<\/div>\n<div>Maksimalus skryd\u017eio atstumas:<\/div>\n<div style=\"padding-left: 40px;\">\u00a080 km. (programuojamas skrydis) 8 km. (valdomas skrydis)<\/div>\n<div style=\"padding-left: 40px;\">Maksimalus leid\u017eiamas v\u0117jo greitis: 10 m\/s<\/div>\n<div>Maksimalus pakreipimo kampas: 60\u00b0<\/div>\n<div>Maksimalus kampinis greitis: N\u0117ra<\/div>\n<div>Darbini\u0173 temperat\u016br\u0173 diapazonas: -10 &#8211; +45\u00b0C<\/div>\n<div>Pozicionavimo sistema: GPS<\/div>\n<div>Pozicionavimo tikslumas: \u00b10,5 m (palydov\u0173 pozicionavimas)<\/div>\n<div>Vidin\u0117s atminties dydis: N\u0117ra<\/div>\n<p>&nbsp;<\/p>\n<h5><strong>PAGRINDIN\u0116 KAMERA<\/strong><\/h5>\n<div>Matrica: CMOS 1\/1.8, efektyvi\u0173 pikseli\u0173 kiekis: 2 Mp<\/div>\n<div>Objektyvas: Matymo kampas: 162*138\u00b0<\/div>\n<div>ISO range:<\/div>\n<div style=\"padding-left: 40px;\">Video: 100-6400<\/div>\n<div style=\"padding-left: 40px;\">Static image: 100-6400<\/div>\n<div>Elektroninio u\u017erakto greitis: 8-1\/8000 sek.<\/div>\n<div>Maksimalus paveiksl\u0117lio dydis: Pagrindinis atvaizdavimo \u012frenginys- operatoriaus akiniai BSA:1920*1080<\/div>\n<div>Statinio fotografavimo matmenys: N\u0117ra<\/div>\n<div>Vaizdo rezoliucija: FHD: 1920&#215;1080 p prie 30\/60 kadrai\/s<\/div>\n<div>Maksimalus bitreit video: bitreit H.264\/H.265: 15 Mb\/s<\/div>\n<div>Fail\u0173 formatas: exFAT:<\/div>\n<div>Foto formatas: JPEG\/DNG (RAW)<\/div>\n<div>Video format: MP4\/MOV (MPEG-4 AVC\/H.264, HEVC\/H.265)<\/div>\n<p>&nbsp;<\/p>\n<div>\n<h5><strong>KAMERA GoPro 10<\/strong><\/h5>\n<\/div>\n<div>Matrica: Sony IMX 677<\/div>\n<div>U\u017erakto greitis: 2-1\/8000 sek.<\/div>\n<div>Objektyvas: Matymo kampas: 155\u00b0<\/div>\n<p>&nbsp;<\/p>\n<div>\n<h5><strong>TECHNIN\u0116S CHARAKTERISTIKOS (galia, atmintis, akumuliatorius)<\/strong><\/h5>\n<div>\u012ekrovimo \u012ftampos riba: 15,6 V<\/div>\n<div>Baterijos r\u016b\u0161is: Li-polimer 4S<\/div>\n<div>Energetika: 148 W\/metai<\/div>\n<div>Svoris: 1150 gr.<\/div>\n<div>Pakrovimo temperat\u016br\u0173 diapazonas: 0\u00b0 &#8211; +40\u00b0 C<\/div>\n<div>Pakrov\u0117jas: BSA skraidykl\u0117s<\/div>\n<div>\u012evestis:\u00a0220 W, 50 Gz, 1A<\/div>\n<div>Nominali galia: 220 W<\/div>\n<p>&nbsp;<\/p>\n<div>\n<p>Nor\u0117dami \u012fsigyti skambinkite telefonu: +37061422008<\/p>\n<div>\u012evestis: USB-C: 2-5 V<\/div>\n<p>&nbsp;<\/p>\n<div>\n<h5><strong>SAUGOJIMAS (Tinkamos atminties kortel\u0117s microSD)<\/strong><\/h5>\n<p>H.264:<\/p>\n<p>5.1K: 5120&#215;2700@24 \/25\/30\/48\/50fps<\/p>\n<p>DCI 4K: 4096&#215;2160@120fps<\/p>\n<p>4K: 3840&#215;2160@120fps<\/p>\n<p>SanDisk Extreme Pro 64G v30 A2 microSDXC<\/p>\n<p>SanDisk Extreme Pro 128G v30 A2 microSDXC<\/p>\n<p>SanDisk Extreme Pro 256G v30 A2 microSDXC<\/p>\n<p>SanDisk Extreme Pro 400G v30 A2 microSDXC<\/p>\n<p>SanDisk High Endurance 64G v30 XC I microSDXC SanDisk High Endurance 128G v30 XC I microSDXC SanDisk High Endurance 256G v30 XC I microSDXC\u00a0 Lexar High Endurance 64G V30 XC I microSDXC<\/p>\n<p>Lexar High Endurance 128G microSDXC<\/p>\n<p>Lexar 667x 64G microSDXC Lexar 667x 128G microSDXC<\/p>\n<p>Samsung Evo Plus 64G microSDXC<\/p>\n<p>Samsung Evo Plus 128G microSDXC<\/p>\n<p>Samsung Evo Plus 256G microSDXC<\/p>\n<p>Samsung Evo Plus 512G microSDXC<\/p>\n<p>Kingston U3 GoConvas 64G microSD<\/p>\n<p>Kingston U3 GoConvas 128G microSD<\/p>\n<p>Lexar 667x 256G microSDXC<\/p>\n<h5><strong>VALDYMO PULTAS RadioMaster<\/strong><\/h5>\n<div>Darbini\u0173 temperat\u016br\u0173 diapazonas:\u00a0Nuo -10\u00b0 iki 45\u00b0C<\/div>\n<div>Protokolas: express LRS<\/div>\n<div>Si\u0173stuvo galia: 868 MGz, 1 w<\/div>\n<div>Baterij\u0173 darbo laikas: iki 6 valand\u0173.<\/div>\n<p>&nbsp;<\/p>\n<h5><strong>To purchase, please call: +370 614 22008<\/strong><\/h5>\n<\/div>\n<\/div>\n<\/div>\n<\/div>\n<\/div>","protected":false},"excerpt":{"rendered":"<p>SpecAero X2 Tactical Reconnaissance Suite (2 Gliders, Control Panel, 2 GoPro cameras, 2 memory cards 64 Gb, operator goggles, 2 batteries, safe start device, charger)<strong><br \/>\n<\/strong><\/p>","protected":false},"featured_media":1674,"template":"","meta":{"site-sidebar-layout":"default","site-content-layout":"default","ast-site-content-layout":"","site-content-style":"default","site-sidebar-style":"default","ast-global-header-display":"","ast-banner-title-visibility":"","ast-main-header-display":"","ast-hfb-above-header-display":"","ast-hfb-below-header-display":"","ast-hfb-mobile-header-display":"","site-post-title":"","ast-breadcrumbs-content":"","ast-featured-img":"","footer-sml-layout":"","theme-transparent-header-meta":"default","adv-header-id-meta":"","stick-header-meta":"","header-above-stick-meta":"","header-main-stick-meta":"","header-below-stick-meta":"","astra-migrate-meta-layouts":"default","ast-page-background-enabled":"default","ast-page-background-meta":{"desktop":{"background-color":"","background-image":"","background-repeat":"repeat","background-position":"center center","background-size":"auto","background-attachment":"scroll","background-type":"","background-media":"","overlay-type":"","overlay-color":"","overlay-opacity":"","overlay-gradient":""},"tablet":{"background-color":"","background-image":"","background-repeat":"repeat","background-position":"center center","background-size":"auto","background-attachment":"scroll","background-type":"","background-media":"","overlay-type":"","overlay-color":"","overlay-opacity":"","overlay-gradient":""},"mobile":{"background-color":"","background-image":"","background-repeat":"repeat","background-position":"center center","background-size":"auto","background-attachment":"scroll","background-type":"","background-media":"","overlay-type":"","overlay-color":"","overlay-opacity":"","overlay-gradient":""}},"ast-content-background-meta":{"desktop":{"background-color":"var(--ast-global-color-5)","background-image":"","background-repeat":"repeat","background-position":"center center","background-size":"auto","background-attachment":"scroll","background-type":"","background-media":"","overlay-type":"","overlay-color":"","overlay-opacity":"","overlay-gradient":""},"tablet":{"background-color":"var(--ast-global-color-5)","background-image":"","background-repeat":"repeat","background-position":"center center","background-size":"auto","background-attachment":"scroll","background-type":"","background-media":"","overlay-type":"","overlay-color":"","overlay-opacity":"","overlay-gradient":""},"mobile":{"background-color":"var(--ast-global-color-5)","background-image":"","background-repeat":"repeat","background-position":"center center","background-size":"auto","background-attachment":"scroll","background-type":"","background-media":"","overlay-type":"","overlay-color":"","overlay-opacity":"","overlay-gradient":""}}},"product_brand":[],"product_cat":[69],"product_tag":[],"class_list":{"0":"post-1625","1":"product","2":"type-product","3":"status-publish","4":"has-post-thumbnail","6":"product_cat-zvalgybines-skraidykles","7":"desktop-align-left","8":"tablet-align-left","9":"mobile-align-left","11":"first","12":"instock","13":"taxable","14":"shipping-taxable","15":"purchasable","16":"product-type-simple"},"yoast_head":"<!-- This site is optimized with the Yoast SEO plugin v24.3 - https:\/\/yoast.com\/wordpress\/plugins\/seo\/ -->\n<title>Taktinis \u017evalgybinis komplektas SpecAero X2: - ltuarmor.com<\/title>\n<meta name=\"robots\" content=\"index, follow, max-snippet:-1, max-image-preview:large, max-video-preview:-1\" \/>\n<link rel=\"canonical\" href=\"https:\/\/ltuarmor.com\/en\/product\/taktinis-zvalgybinis-komplektas-specaero-x2\/\" \/>\n<meta property=\"og:locale\" content=\"en_US\" \/>\n<meta property=\"og:type\" content=\"article\" \/>\n<meta property=\"og:title\" content=\"Taktinis \u017evalgybinis komplektas SpecAero X2: - ltuarmor.com\" \/>\n<meta property=\"og:description\" content=\"Taktinis \u017evalgybinis komplektas SpecAero X2 (2 Skraidykl\u0117s, Valdymo pultas, 2 foto kameros GoPro, 2 atminties kortel\u0117s 64 Gb, operatoriaus akiniai, 2 baterijos, saugaus paleidimo prietaisas, pakrov\u0117jas)\" \/>\n<meta property=\"og:url\" content=\"https:\/\/ltuarmor.com\/en\/product\/taktinis-zvalgybinis-komplektas-specaero-x2\/\" \/>\n<meta property=\"og:site_name\" content=\"ltuarmor.com\" \/>\n<meta property=\"article:modified_time\" content=\"2024-07-04T17:38:26+00:00\" \/>\n<meta property=\"og:image\" content=\"https:\/\/ltuarmor.com\/wp-content\/uploads\/2023\/05\/Spec-aero-shukach-2.webp\" \/>\n\t<meta property=\"og:image:width\" content=\"1772\" \/>\n\t<meta property=\"og:image:height\" content=\"1130\" \/>\n\t<meta property=\"og:image:type\" content=\"image\/webp\" \/>\n<meta name=\"twitter:card\" content=\"summary_large_image\" \/>\n<meta name=\"twitter:label1\" content=\"Est. reading time\" \/>\n\t<meta name=\"twitter:data1\" content=\"4 minutes\" \/>\n<script type=\"application\/ld+json\" class=\"yoast-schema-graph\">{\"@context\":\"https:\/\/schema.org\",\"@graph\":[{\"@type\":\"WebPage\",\"@id\":\"https:\/\/ltuarmor.com\/produktas\/taktinis-zvalgybinis-komplektas-specaero-x2\/\",\"url\":\"https:\/\/ltuarmor.com\/produktas\/taktinis-zvalgybinis-komplektas-specaero-x2\/\",\"name\":\"Taktinis \u017evalgybinis komplektas SpecAero X2: - ltuarmor.com\",\"isPartOf\":{\"@id\":\"https:\/\/ltuarmor.com\/#website\"},\"primaryImageOfPage\":{\"@id\":\"https:\/\/ltuarmor.com\/produktas\/taktinis-zvalgybinis-komplektas-specaero-x2\/#primaryimage\"},\"image\":{\"@id\":\"https:\/\/ltuarmor.com\/produktas\/taktinis-zvalgybinis-komplektas-specaero-x2\/#primaryimage\"},\"thumbnailUrl\":\"https:\/\/ltuarmor.com\/wp-content\/uploads\/2023\/05\/Spec-aero-shukach-2.webp\",\"datePublished\":\"2023-05-15T09:29:16+00:00\",\"dateModified\":\"2024-07-04T17:38:26+00:00\",\"breadcrumb\":{\"@id\":\"https:\/\/ltuarmor.com\/produktas\/taktinis-zvalgybinis-komplektas-specaero-x2\/#breadcrumb\"},\"inLanguage\":\"en-US\",\"potentialAction\":[{\"@type\":\"ReadAction\",\"target\":[\"https:\/\/ltuarmor.com\/produktas\/taktinis-zvalgybinis-komplektas-specaero-x2\/\"]}]},{\"@type\":\"ImageObject\",\"inLanguage\":\"en-US\",\"@id\":\"https:\/\/ltuarmor.com\/produktas\/taktinis-zvalgybinis-komplektas-specaero-x2\/#primaryimage\",\"url\":\"https:\/\/ltuarmor.com\/wp-content\/uploads\/2023\/05\/Spec-aero-shukach-2.webp\",\"contentUrl\":\"https:\/\/ltuarmor.com\/wp-content\/uploads\/2023\/05\/Spec-aero-shukach-2.webp\",\"width\":1772,\"height\":1130},{\"@type\":\"BreadcrumbList\",\"@id\":\"https:\/\/ltuarmor.com\/produktas\/taktinis-zvalgybinis-komplektas-specaero-x2\/#breadcrumb\",\"itemListElement\":[{\"@type\":\"ListItem\",\"position\":1,\"name\":\"Home\",\"item\":\"https:\/\/ltuarmor.com\/\"},{\"@type\":\"ListItem\",\"position\":2,\"name\":\"Parduotuv\u0117\",\"item\":\"https:\/\/ltuarmor.com\/parduotuve\/\"},{\"@type\":\"ListItem\",\"position\":3,\"name\":\"Taktinis \u017evalgybinis komplektas SpecAero X2:\"}]},{\"@type\":\"WebSite\",\"@id\":\"https:\/\/ltuarmor.com\/#website\",\"url\":\"https:\/\/ltuarmor.com\/\",\"name\":\"ltuarmor.com\",\"description\":\"Parduodamos taktin\u0117s ir \u017evalgybin\u0117s bepilot\u0117s skraidykl\u0117s ir dronai bei j\u0173 priedai\",\"publisher\":{\"@id\":\"https:\/\/ltuarmor.com\/#organization\"},\"potentialAction\":[{\"@type\":\"SearchAction\",\"target\":{\"@type\":\"EntryPoint\",\"urlTemplate\":\"https:\/\/ltuarmor.com\/?s={search_term_string}\"},\"query-input\":{\"@type\":\"PropertyValueSpecification\",\"valueRequired\":true,\"valueName\":\"search_term_string\"}}],\"inLanguage\":\"en-US\"},{\"@type\":\"Organization\",\"@id\":\"https:\/\/ltuarmor.com\/#organization\",\"name\":\"LTUarmor\",\"url\":\"https:\/\/ltuarmor.com\/\",\"logo\":{\"@type\":\"ImageObject\",\"inLanguage\":\"en-US\",\"@id\":\"https:\/\/ltuarmor.com\/#\/schema\/logo\/image\/\",\"url\":\"https:\/\/ltuarmor.com\/wp-content\/uploads\/2023\/05\/logo-ltu-1080x1080px.png\",\"contentUrl\":\"https:\/\/ltuarmor.com\/wp-content\/uploads\/2023\/05\/logo-ltu-1080x1080px.png\",\"width\":1080,\"height\":1080,\"caption\":\"LTUarmor\"},\"image\":{\"@id\":\"https:\/\/ltuarmor.com\/#\/schema\/logo\/image\/\"}}]}<\/script>\n<!-- \/ Yoast SEO plugin. -->","yoast_head_json":{"title":"Taktinis \u017evalgybinis komplektas SpecAero X2: - ltuarmor.com","robots":{"index":"index","follow":"follow","max-snippet":"max-snippet:-1","max-image-preview":"max-image-preview:large","max-video-preview":"max-video-preview:-1"},"canonical":"https:\/\/ltuarmor.com\/en\/product\/taktinis-zvalgybinis-komplektas-specaero-x2\/","og_locale":"en_US","og_type":"article","og_title":"Taktinis \u017evalgybinis komplektas SpecAero X2: - ltuarmor.com","og_description":"Taktinis \u017evalgybinis komplektas SpecAero X2 (2 Skraidykl\u0117s, Valdymo pultas, 2 foto kameros GoPro, 2 atminties kortel\u0117s 64 Gb, operatoriaus akiniai, 2 baterijos, saugaus paleidimo prietaisas, pakrov\u0117jas)","og_url":"https:\/\/ltuarmor.com\/en\/product\/taktinis-zvalgybinis-komplektas-specaero-x2\/","og_site_name":"ltuarmor.com","article_modified_time":"2024-07-04T17:38:26+00:00","og_image":[{"width":1772,"height":1130,"url":"https:\/\/ltuarmor.com\/wp-content\/uploads\/2023\/05\/Spec-aero-shukach-2.webp","type":"image\/webp"}],"twitter_card":"summary_large_image","twitter_misc":{"Est. reading time":"4 minutes"},"schema":{"@context":"https:\/\/schema.org","@graph":[{"@type":"WebPage","@id":"https:\/\/ltuarmor.com\/produktas\/taktinis-zvalgybinis-komplektas-specaero-x2\/","url":"https:\/\/ltuarmor.com\/produktas\/taktinis-zvalgybinis-komplektas-specaero-x2\/","name":"Taktinis \u017evalgybinis komplektas SpecAero X2: - ltuarmor.com","isPartOf":{"@id":"https:\/\/ltuarmor.com\/#website"},"primaryImageOfPage":{"@id":"https:\/\/ltuarmor.com\/produktas\/taktinis-zvalgybinis-komplektas-specaero-x2\/#primaryimage"},"image":{"@id":"https:\/\/ltuarmor.com\/produktas\/taktinis-zvalgybinis-komplektas-specaero-x2\/#primaryimage"},"thumbnailUrl":"https:\/\/ltuarmor.com\/wp-content\/uploads\/2023\/05\/Spec-aero-shukach-2.webp","datePublished":"2023-05-15T09:29:16+00:00","dateModified":"2024-07-04T17:38:26+00:00","breadcrumb":{"@id":"https:\/\/ltuarmor.com\/produktas\/taktinis-zvalgybinis-komplektas-specaero-x2\/#breadcrumb"},"inLanguage":"en-US","potentialAction":[{"@type":"ReadAction","target":["https:\/\/ltuarmor.com\/produktas\/taktinis-zvalgybinis-komplektas-specaero-x2\/"]}]},{"@type":"ImageObject","inLanguage":"en-US","@id":"https:\/\/ltuarmor.com\/produktas\/taktinis-zvalgybinis-komplektas-specaero-x2\/#primaryimage","url":"https:\/\/ltuarmor.com\/wp-content\/uploads\/2023\/05\/Spec-aero-shukach-2.webp","contentUrl":"https:\/\/ltuarmor.com\/wp-content\/uploads\/2023\/05\/Spec-aero-shukach-2.webp","width":1772,"height":1130},{"@type":"BreadcrumbList","@id":"https:\/\/ltuarmor.com\/produktas\/taktinis-zvalgybinis-komplektas-specaero-x2\/#breadcrumb","itemListElement":[{"@type":"ListItem","position":1,"name":"Home","item":"https:\/\/ltuarmor.com\/"},{"@type":"ListItem","position":2,"name":"Parduotuv\u0117","item":"https:\/\/ltuarmor.com\/parduotuve\/"},{"@type":"ListItem","position":3,"name":"Taktinis \u017evalgybinis komplektas SpecAero X2:"}]},{"@type":"WebSite","@id":"https:\/\/ltuarmor.com\/#website","url":"https:\/\/ltuarmor.com\/","name":"ltuarmor.com","description":"Parduodamos taktin\u0117s ir \u017evalgybin\u0117s bepilot\u0117s skraidykl\u0117s ir dronai bei j\u0173 priedai","publisher":{"@id":"https:\/\/ltuarmor.com\/#organization"},"potentialAction":[{"@type":"SearchAction","target":{"@type":"EntryPoint","urlTemplate":"https:\/\/ltuarmor.com\/?s={search_term_string}"},"query-input":{"@type":"PropertyValueSpecification","valueRequired":true,"valueName":"search_term_string"}}],"inLanguage":"en-US"},{"@type":"Organization","@id":"https:\/\/ltuarmor.com\/#organization","name":"LTUarmor","url":"https:\/\/ltuarmor.com\/","logo":{"@type":"ImageObject","inLanguage":"en-US","@id":"https:\/\/ltuarmor.com\/#\/schema\/logo\/image\/","url":"https:\/\/ltuarmor.com\/wp-content\/uploads\/2023\/05\/logo-ltu-1080x1080px.png","contentUrl":"https:\/\/ltuarmor.com\/wp-content\/uploads\/2023\/05\/logo-ltu-1080x1080px.png","width":1080,"height":1080,"caption":"LTUarmor"},"image":{"@id":"https:\/\/ltuarmor.com\/#\/schema\/logo\/image\/"}}]}},"jetpack_sharing_enabled":true,"_links":{"self":[{"href":"https:\/\/ltuarmor.com\/en\/wp-json\/wp\/v2\/product\/1625","targetHints":{"allow":["GET"]}}],"collection":[{"href":"https:\/\/ltuarmor.com\/en\/wp-json\/wp\/v2\/product"}],"about":[{"href":"https:\/\/ltuarmor.com\/en\/wp-json\/wp\/v2\/types\/product"}],"wp:featuredmedia":[{"embeddable":true,"href":"https:\/\/ltuarmor.com\/en\/wp-json\/wp\/v2\/media\/1674"}],"wp:attachment":[{"href":"https:\/\/ltuarmor.com\/en\/wp-json\/wp\/v2\/media?parent=1625"}],"wp:term":[{"taxonomy":"product_brand","embeddable":true,"href":"https:\/\/ltuarmor.com\/en\/wp-json\/wp\/v2\/product_brand?post=1625"},{"taxonomy":"product_cat","embeddable":true,"href":"https:\/\/ltuarmor.com\/en\/wp-json\/wp\/v2\/product_cat?post=1625"},{"taxonomy":"product_tag","embeddable":true,"href":"https:\/\/ltuarmor.com\/en\/wp-json\/wp\/v2\/product_tag?post=1625"}],"curies":[{"name":"wp","href":"https:\/\/api.w.org\/{rel}","templated":true}]}}