{"id":1194,"date":"2021-03-17T08:48:08","date_gmt":"2021-03-17T08:48:08","guid":{"rendered":"https:\/\/ltuarmor.com\/home\/"},"modified":"2024-07-04T17:06:27","modified_gmt":"2024-07-04T17:06:27","slug":"titulinis","status":"publish","type":"page","link":"https:\/\/ltuarmor.com\/en\/","title":{"rendered":"Titulinis"},"content":{"rendered":"<div data-elementor-type=\"wp-page\" data-elementor-id=\"1194\" class=\"elementor elementor-1194\">\n\t\t\t\t\t\t<section class=\"elementor-section elementor-top-section elementor-element elementor-element-619d5f1 elementor-section-height-min-height elementor-section-boxed elementor-section-height-default elementor-section-items-middle\" data-id=\"619d5f1\" data-element_type=\"section\" data-e-type=\"section\" data-settings=\"{&quot;background_background&quot;:&quot;video&quot;,&quot;background_video_link&quot;:&quot;https:\\\/\\\/www.youtube.com\\\/watch?v=Dxf4r_yY_ZY&quot;,&quot;background_video_start&quot;:55,&quot;background_video_end&quot;:84,&quot;background_play_on_mobile&quot;:&quot;yes&quot;}\">\n\t\t\t\t\t\t\t\t<div class=\"elementor-background-video-container\">\n\t\t\t\t\t\t\t\t\t\t\t\t\t<div class=\"elementor-background-video-embed\" role=\"presentation\"><\/div>\n\t\t\t\t\t\t\t\t\t\t\t\t<\/div>\n\t\t\t\t\t\t\t\t\t<div class=\"elementor-background-overlay\"><\/div>\n\t\t\t\t\t\t\t<div class=\"elementor-container elementor-column-gap-no\">\n\t\t\t\t\t<div class=\"elementor-column elementor-col-100 elementor-top-column elementor-element elementor-element-02fa7af\" data-id=\"02fa7af\" data-element_type=\"column\" data-e-type=\"column\">\n\t\t\t<div class=\"elementor-widget-wrap elementor-element-populated\">\n\t\t\t\t\t\t<div class=\"elementor-element elementor-element-7e55549 elementor-widget elementor-widget-heading\" data-id=\"7e55549\" data-element_type=\"widget\" data-e-type=\"widget\" data-widget_type=\"heading.default\">\n\t\t\t\t<div class=\"elementor-widget-container\">\n\t\t\t\t\t<h4 class=\"elementor-heading-title elementor-size-default\">Recently manufactured<\/h4>\t\t\t\t<\/div>\n\t\t\t\t<\/div>\n\t\t\t\t<div class=\"elementor-element elementor-element-d5d3fd2 elementor-widget elementor-widget-heading\" data-id=\"d5d3fd2\" data-element_type=\"widget\" data-e-type=\"widget\" data-widget_type=\"heading.default\">\n\t\t\t\t<div class=\"elementor-widget-container\">\n\t\t\t\t\t<h1 class=\"elementor-heading-title elementor-size-default\">SpecAero F23<\/h1>\t\t\t\t<\/div>\n\t\t\t\t<\/div>\n\t\t\t\t<div class=\"elementor-element elementor-element-919edcc elementor-icon-list--layout-traditional elementor-list-item-link-full_width elementor-widget elementor-widget-icon-list\" data-id=\"919edcc\" data-element_type=\"widget\" data-e-type=\"widget\" data-widget_type=\"icon-list.default\">\n\t\t\t\t<div class=\"elementor-widget-container\">\n\t\t\t\t\t\t\t<ul class=\"elementor-icon-list-items\">\n\t\t\t\t\t\t\t<li class=\"elementor-icon-list-item\">\n\t\t\t\t\t\t\t\t\t\t\t<span class=\"elementor-icon-list-icon\">\n\t\t\t\t\t\t\t<i aria-hidden=\"true\" class=\"fas fa-bullseye\"><\/i>\t\t\t\t\t\t<\/span>\n\t\t\t\t\t\t\t\t\t\t<span class=\"elementor-icon-list-text\">3 Paragliders<\/span>\n\t\t\t\t\t\t\t\t\t<\/li>\n\t\t\t\t\t\t\t\t<li class=\"elementor-icon-list-item\">\n\t\t\t\t\t\t\t\t\t\t\t<span class=\"elementor-icon-list-icon\">\n\t\t\t\t\t\t\t<i aria-hidden=\"true\" class=\"fas fa-bullseye\"><\/i>\t\t\t\t\t\t<\/span>\n\t\t\t\t\t\t\t\t\t\t<span class=\"elementor-icon-list-text\">Control Console<\/span>\n\t\t\t\t\t\t\t\t\t<\/li>\n\t\t\t\t\t\t\t\t<li class=\"elementor-icon-list-item\">\n\t\t\t\t\t\t\t\t\t\t\t<span class=\"elementor-icon-list-icon\">\n\t\t\t\t\t\t\t<i aria-hidden=\"true\" class=\"fas fa-bullseye\"><\/i>\t\t\t\t\t\t<\/span>\n\t\t\t\t\t\t\t\t\t\t<span class=\"elementor-icon-list-text\">2 GoPro cameras<\/span>\n\t\t\t\t\t\t\t\t\t<\/li>\n\t\t\t\t\t\t\t\t<li class=\"elementor-icon-list-item\">\n\t\t\t\t\t\t\t\t\t\t\t<span class=\"elementor-icon-list-icon\">\n\t\t\t\t\t\t\t<i aria-hidden=\"true\" class=\"fas fa-bullseye\"><\/i>\t\t\t\t\t\t<\/span>\n\t\t\t\t\t\t\t\t\t\t<span class=\"elementor-icon-list-text\">Operator goggles<\/span>\n\t\t\t\t\t\t\t\t\t<\/li>\n\t\t\t\t\t\t\t\t<li class=\"elementor-icon-list-item\">\n\t\t\t\t\t\t\t\t\t\t\t<span class=\"elementor-icon-list-icon\">\n\t\t\t\t\t\t\t<i aria-hidden=\"true\" class=\"fas fa-bullseye\"><\/i>\t\t\t\t\t\t<\/span>\n\t\t\t\t\t\t\t\t\t\t<span class=\"elementor-icon-list-text\">Safe launch device<\/span>\n\t\t\t\t\t\t\t\t\t<\/li>\n\t\t\t\t\t\t<\/ul>\n\t\t\t\t\t\t<\/div>\n\t\t\t\t<\/div>\n\t\t\t\t<div class=\"elementor-element elementor-element-df3db08 elementor-widget elementor-widget-button\" data-id=\"df3db08\" data-element_type=\"widget\" data-e-type=\"widget\" data-widget_type=\"button.default\">\n\t\t\t\t<div class=\"elementor-widget-container\">\n\t\t\t\t\t\t\t\t\t<div class=\"elementor-button-wrapper\">\n\t\t\t\t\t<a class=\"elementor-button elementor-button-link elementor-size-sm\" href=\"https:\/\/ltuarmor.com\/en\/product\/bepilociu-skraidykliu-komplektas-specaero-f23\/\">\n\t\t\t\t\t\t<span class=\"elementor-button-content-wrapper\">\n\t\t\t\t\t\t\t\t\t<span class=\"elementor-button-text\">MORE<\/span>\n\t\t\t\t\t<\/span>\n\t\t\t\t\t<\/a>\n\t\t\t\t<\/div>\n\t\t\t\t\t\t\t\t<\/div>\n\t\t\t\t<\/div>\n\t\t\t\t\t<\/div>\n\t\t<\/div>\n\t\t\t\t\t<\/div>\n\t\t<\/section>\n\t\t\t\t<section class=\"elementor-section elementor-top-section elementor-element elementor-element-5f5c9fe2 elementor-section-boxed elementor-section-height-default elementor-section-height-default\" data-id=\"5f5c9fe2\" data-element_type=\"section\" data-e-type=\"section\" data-settings=\"{&quot;background_background&quot;:&quot;classic&quot;}\">\n\t\t\t\t\t\t<div class=\"elementor-container elementor-column-gap-default\">\n\t\t\t\t\t<div class=\"elementor-column elementor-col-100 elementor-top-column elementor-element elementor-element-599b035f\" data-id=\"599b035f\" data-element_type=\"column\" data-e-type=\"column\">\n\t\t\t<div class=\"elementor-widget-wrap elementor-element-populated\">\n\t\t\t\t\t\t<div class=\"elementor-element elementor-element-39450434 elementor-widget elementor-widget-heading\" data-id=\"39450434\" data-element_type=\"widget\" data-e-type=\"widget\" data-widget_type=\"heading.default\">\n\t\t\t\t<div class=\"elementor-widget-container\">\n\t\t\t\t\t<h2 class=\"elementor-heading-title elementor-size-default\">Try out our new products<\/h2>\t\t\t\t<\/div>\n\t\t\t\t<\/div>\n\t\t\t\t<div class=\"elementor-element elementor-element-708debb0 elementor-widget elementor-widget-shortcode\" data-id=\"708debb0\" data-element_type=\"widget\" data-e-type=\"widget\" data-widget_type=\"shortcode.default\">\n\t\t\t\t<div class=\"elementor-widget-container\">\n\t\t\t\t\t\t\t<div class=\"elementor-shortcode\"><div class=\"woocommerce columns-2\"><ul class=\"products columns-2\">\n<li class=\"desktop-align-left tablet-align-left mobile-align-left product type-product post-2948 status-publish first instock product_cat-zvalgybines-skraidykles has-post-thumbnail taxable shipping-taxable purchasable product-type-simple\">\n\t<a href=\"https:\/\/ltuarmor.com\/en\/product\/bepilociu-skraidykliu-komplektas-specaero-f23-mini\/\" class=\"woocommerce-LoopProduct-link woocommerce-loop-product__link\"><img fetchpriority=\"high\" decoding=\"async\" width=\"500\" height=\"500\" src=\"https:\/\/ltuarmor.com\/wp-content\/uploads\/2024\/01\/Specaero-F23_Mini-500x500.webp\" class=\"attachment-woocommerce_thumbnail size-woocommerce_thumbnail\" alt=\"\" srcset=\"https:\/\/ltuarmor.com\/wp-content\/uploads\/2024\/01\/Specaero-F23_Mini-500x500.webp 500w, https:\/\/ltuarmor.com\/wp-content\/uploads\/2024\/01\/Specaero-F23_Mini-100x100.webp 100w, https:\/\/ltuarmor.com\/wp-content\/uploads\/2024\/01\/Specaero-F23_Mini-150x150.webp 150w\" sizes=\"(max-width: 500px) 100vw, 500px\" \/><h2 class=\"woocommerce-loop-product__title\">SpecAero F23 Mini Paragliders Suite<\/h2>\n\t<span class=\"price\"><span class=\"woocommerce-Price-amount amount\"><bdi>25800,00&nbsp;<span class=\"woocommerce-Price-currencySymbol\">&euro;<\/span><\/bdi><\/span><\/span>\n<\/a><a href=\"?add-to-cart=2948\" aria-describedby=\"woocommerce_loop_add_to_cart_link_describedby_2948\" data-quantity=\"1\" class=\"button product_type_simple add_to_cart_button ajax_add_to_cart text_replaceable\" data-product_id=\"2948\" data-product_sku=\"\" aria-label=\"Add to cart: \u201cSpecAero F23 Mini komplektas\u201d\" rel=\"nofollow\" data-success_message=\"\u201cSpecAero F23 Mini komplektas\u201d has been added to your cart\" data-no-translation=\"\" data-trp-gettext=\"\" data-no-translation-aria-label=\"\" data-no-translation-data-success_message=\"\">Add to cart<\/a>\t<span id=\"woocommerce_loop_add_to_cart_link_describedby_2948\" class=\"screen-reader-text\">\n\t\t\t<\/span>\n<\/li>\n<li class=\"desktop-align-left tablet-align-left mobile-align-left product type-product post-2853 status-publish last instock product_cat-zvalgybines-skraidykles has-post-thumbnail taxable shipping-taxable purchasable product-type-simple\">\n\t<a href=\"https:\/\/ltuarmor.com\/en\/product\/bepilociu-skraidykliu-komplektas-specaero-f23\/\" class=\"woocommerce-LoopProduct-link woocommerce-loop-product__link\"><img decoding=\"async\" width=\"500\" height=\"500\" src=\"https:\/\/ltuarmor.com\/wp-content\/uploads\/2023\/07\/Specaero-F23_6-1-500x500.webp\" class=\"attachment-woocommerce_thumbnail size-woocommerce_thumbnail\" alt=\"\" srcset=\"https:\/\/ltuarmor.com\/wp-content\/uploads\/2023\/07\/Specaero-F23_6-1-500x500.webp 500w, https:\/\/ltuarmor.com\/wp-content\/uploads\/2023\/07\/Specaero-F23_6-1-100x100.webp 100w, https:\/\/ltuarmor.com\/wp-content\/uploads\/2023\/07\/Specaero-F23_6-1-150x150.webp 150w\" sizes=\"(max-width: 500px) 100vw, 500px\" \/><h2 class=\"woocommerce-loop-product__title\">SpecAero F23 Paragliders Suite<\/h2>\n\t<span class=\"price\"><span class=\"woocommerce-Price-amount amount\"><bdi>33800,00&nbsp;<span class=\"woocommerce-Price-currencySymbol\">&euro;<\/span><\/bdi><\/span><\/span>\n<\/a><a href=\"?add-to-cart=2853\" aria-describedby=\"woocommerce_loop_add_to_cart_link_describedby_2853\" data-quantity=\"1\" class=\"button product_type_simple add_to_cart_button ajax_add_to_cart text_replaceable\" data-product_id=\"2853\" data-product_sku=\"\" aria-label=\"Add to cart: \u201cSpecAero F23 komplektas\u201d\" rel=\"nofollow\" data-success_message=\"\u201cSpecAero F23 komplektas\u201d has been added to your cart\" data-no-translation=\"\" data-trp-gettext=\"\" data-no-translation-aria-label=\"\" data-no-translation-data-success_message=\"\">Add to cart<\/a>\t<span id=\"woocommerce_loop_add_to_cart_link_describedby_2853\" class=\"screen-reader-text\">\n\t\t\t<\/span>\n<\/li>\n<\/ul>\n<\/div><\/div>\n\t\t\t\t\t\t<\/div>\n\t\t\t\t<\/div>\n\t\t\t\t\t<\/div>\n\t\t<\/div>\n\t\t\t\t\t<\/div>\n\t\t<\/section>\n\t\t\t\t<\/div>","protected":false},"excerpt":{"rendered":"<p>Neseniai pagaminta SpecAero F23 3 Skraidykl\u0117s Valdymo pultas 2 GoPro fotokameros Operatoriaus akiniai Saugaus paleidimo prietaisas Daugiau I\u0161bandykite naujus produktus<\/p>","protected":false},"author":1,"featured_media":0,"parent":0,"menu_order":0,"comment_status":"closed","ping_status":"closed","template":"","meta":{"site-sidebar-layout":"no-sidebar","site-content-layout":"page-builder","ast-site-content-layout":"","site-content-style":"default","site-sidebar-style":"default","ast-global-header-display":"","ast-banner-title-visibility":"","ast-main-header-display":"","ast-hfb-above-header-display":"","ast-hfb-below-header-display":"","ast-hfb-mobile-header-display":"","site-post-title":"disabled","ast-breadcrumbs-content":"disabled","ast-featured-img":"disabled","footer-sml-layout":"","theme-transparent-header-meta":"enabled","adv-header-id-meta":"","stick-header-meta":"","header-above-stick-meta":"","header-main-stick-meta":"","header-below-stick-meta":"","astra-migrate-meta-layouts":"default","ast-page-background-enabled":"default","ast-page-background-meta":{"desktop":{"background-color":"","background-image":"","background-repeat":"repeat","background-position":"center center","background-size":"auto","background-attachment":"scroll","background-type":"","background-media":"","overlay-type":"","overlay-color":"","overlay-opacity":"","overlay-gradient":""},"tablet":{"background-color":"","background-image":"","background-repeat":"repeat","background-position":"center center","background-size":"auto","background-attachment":"scroll","background-type":"","background-media":"","overlay-type":"","overlay-color":"","overlay-opacity":"","overlay-gradient":""},"mobile":{"background-color":"","background-image":"","background-repeat":"repeat","background-position":"center center","background-size":"auto","background-attachment":"scroll","background-type":"","background-media":"","overlay-type":"","overlay-color":"","overlay-opacity":"","overlay-gradient":""}},"ast-content-background-meta":{"desktop":{"background-color":"var(--ast-global-color-5)","background-image":"","background-repeat":"repeat","background-position":"center center","background-size":"auto","background-attachment":"scroll","background-type":"","background-media":"","overlay-type":"","overlay-color":"","overlay-opacity":"","overlay-gradient":""},"tablet":{"background-color":"var(--ast-global-color-5)","background-image":"","background-repeat":"repeat","background-position":"center center","background-size":"auto","background-attachment":"scroll","background-type":"","background-media":"","overlay-type":"","overlay-color":"","overlay-opacity":"","overlay-gradient":""},"mobile":{"background-color":"var(--ast-global-color-5)","background-image":"","background-repeat":"repeat","background-position":"center center","background-size":"auto","background-attachment":"scroll","background-type":"","background-media":"","overlay-type":"","overlay-color":"","overlay-opacity":"","overlay-gradient":""}},"footnotes":""},"class_list":["post-1194","page","type-page","status-publish","hentry"],"yoast_head":"<!-- This site is optimized with the Yoast SEO plugin v24.3 - https:\/\/yoast.com\/wordpress\/plugins\/seo\/ -->\n<title>ltuarmor.com<\/title>\n<meta name=\"description\" content=\"I\u0161bandykite m\u016bs\u0173 naujas taktines ir \u017evalgybines bepilotes skraidykles ir dronus. \u012evairi\u0173 \u0161ali\u0173 in\u017einieri\u0173 ir specialist\u0173 komanda suk\u016br\u0117 ir kuria inovatyvius sprendimus bei ES tiekia auk\u0161\u010diausios klas\u0117s karinius produktus, kit\u0105 moderni\u0105 \u012frang\u0105.\" \/>\n<meta name=\"robots\" content=\"index, follow, max-snippet:-1, max-image-preview:large, max-video-preview:-1\" \/>\n<link rel=\"canonical\" href=\"https:\/\/ltuarmor.com\/en\/\" \/>\n<meta property=\"og:locale\" content=\"en_US\" \/>\n<meta property=\"og:type\" content=\"article\" \/>\n<meta property=\"og:title\" content=\"ltuarmor.com\" \/>\n<meta property=\"og:description\" content=\"I\u0161bandykite m\u016bs\u0173 naujas taktines ir \u017evalgybines bepilotes skraidykles ir dronus. \u012evairi\u0173 \u0161ali\u0173 in\u017einieri\u0173 ir specialist\u0173 komanda suk\u016br\u0117 ir kuria inovatyvius sprendimus bei ES tiekia auk\u0161\u010diausios klas\u0117s karinius produktus, kit\u0105 moderni\u0105 \u012frang\u0105.\" \/>\n<meta property=\"og:url\" content=\"https:\/\/ltuarmor.com\/en\/\" \/>\n<meta property=\"og:site_name\" content=\"ltuarmor.com\" \/>\n<meta property=\"article:modified_time\" content=\"2024-07-04T17:06:27+00:00\" \/>\n<meta property=\"og:image\" content=\"https:\/\/ltuarmor.com\/wp-content\/uploads\/2023\/06\/ltuarmor_ico.png\" \/>\n\t<meta property=\"og:image:width\" content=\"500\" \/>\n\t<meta property=\"og:image:height\" content=\"500\" \/>\n\t<meta property=\"og:image:type\" content=\"image\/png\" \/>\n<meta name=\"twitter:card\" content=\"summary_large_image\" \/>\n<meta name=\"twitter:label1\" content=\"Est. reading time\" \/>\n\t<meta name=\"twitter:data1\" content=\"1 minute\" \/>\n<script type=\"application\/ld+json\" class=\"yoast-schema-graph\">{\"@context\":\"https:\/\/schema.org\",\"@graph\":[{\"@type\":\"WebPage\",\"@id\":\"https:\/\/ltuarmor.com\/\",\"url\":\"https:\/\/ltuarmor.com\/\",\"name\":\"ltuarmor.com\",\"isPartOf\":{\"@id\":\"https:\/\/ltuarmor.com\/#website\"},\"datePublished\":\"2021-03-17T08:48:08+00:00\",\"dateModified\":\"2024-07-04T17:06:27+00:00\",\"description\":\"I\u0161bandykite m\u016bs\u0173 naujas taktines ir \u017evalgybines bepilotes skraidykles ir dronus. \u012evairi\u0173 \u0161ali\u0173 in\u017einieri\u0173 ir specialist\u0173 komanda suk\u016br\u0117 ir kuria inovatyvius sprendimus bei ES tiekia auk\u0161\u010diausios klas\u0117s karinius produktus, kit\u0105 moderni\u0105 \u012frang\u0105.\",\"breadcrumb\":{\"@id\":\"https:\/\/ltuarmor.com\/#breadcrumb\"},\"inLanguage\":\"en-US\",\"potentialAction\":[{\"@type\":\"ReadAction\",\"target\":[\"https:\/\/ltuarmor.com\/\"]}]},{\"@type\":\"BreadcrumbList\",\"@id\":\"https:\/\/ltuarmor.com\/#breadcrumb\",\"itemListElement\":[{\"@type\":\"ListItem\",\"position\":1,\"name\":\"Home\",\"item\":\"https:\/\/ltuarmor.com\/\"},{\"@type\":\"ListItem\",\"position\":2,\"name\":\"Titulinis\"}]},{\"@type\":\"WebSite\",\"@id\":\"https:\/\/ltuarmor.com\/#website\",\"url\":\"https:\/\/ltuarmor.com\/\",\"name\":\"ltuarmor.com\",\"description\":\"Parduodamos taktin\u0117s ir \u017evalgybin\u0117s bepilot\u0117s skraidykl\u0117s ir dronai bei j\u0173 priedai\",\"publisher\":{\"@id\":\"https:\/\/ltuarmor.com\/#organization\"},\"potentialAction\":[{\"@type\":\"SearchAction\",\"target\":{\"@type\":\"EntryPoint\",\"urlTemplate\":\"https:\/\/ltuarmor.com\/?s={search_term_string}\"},\"query-input\":{\"@type\":\"PropertyValueSpecification\",\"valueRequired\":true,\"valueName\":\"search_term_string\"}}],\"inLanguage\":\"en-US\"},{\"@type\":\"Organization\",\"@id\":\"https:\/\/ltuarmor.com\/#organization\",\"name\":\"LTUarmor\",\"url\":\"https:\/\/ltuarmor.com\/\",\"logo\":{\"@type\":\"ImageObject\",\"inLanguage\":\"en-US\",\"@id\":\"https:\/\/ltuarmor.com\/#\/schema\/logo\/image\/\",\"url\":\"https:\/\/ltuarmor.com\/wp-content\/uploads\/2023\/05\/logo-ltu-1080x1080px.png\",\"contentUrl\":\"https:\/\/ltuarmor.com\/wp-content\/uploads\/2023\/05\/logo-ltu-1080x1080px.png\",\"width\":1080,\"height\":1080,\"caption\":\"LTUarmor\"},\"image\":{\"@id\":\"https:\/\/ltuarmor.com\/#\/schema\/logo\/image\/\"}}]}<\/script>\n<!-- \/ Yoast SEO plugin. -->","yoast_head_json":{"title":"ltuarmor.com","description":"I\u0161bandykite m\u016bs\u0173 naujas taktines ir \u017evalgybines bepilotes skraidykles ir dronus. \u012evairi\u0173 \u0161ali\u0173 in\u017einieri\u0173 ir specialist\u0173 komanda suk\u016br\u0117 ir kuria inovatyvius sprendimus bei ES tiekia auk\u0161\u010diausios klas\u0117s karinius produktus, kit\u0105 moderni\u0105 \u012frang\u0105.","robots":{"index":"index","follow":"follow","max-snippet":"max-snippet:-1","max-image-preview":"max-image-preview:large","max-video-preview":"max-video-preview:-1"},"canonical":"https:\/\/ltuarmor.com\/en\/","og_locale":"en_US","og_type":"article","og_title":"ltuarmor.com","og_description":"I\u0161bandykite m\u016bs\u0173 naujas taktines ir \u017evalgybines bepilotes skraidykles ir dronus. \u012evairi\u0173 \u0161ali\u0173 in\u017einieri\u0173 ir specialist\u0173 komanda suk\u016br\u0117 ir kuria inovatyvius sprendimus bei ES tiekia auk\u0161\u010diausios klas\u0117s karinius produktus, kit\u0105 moderni\u0105 \u012frang\u0105.","og_url":"https:\/\/ltuarmor.com\/en\/","og_site_name":"ltuarmor.com","article_modified_time":"2024-07-04T17:06:27+00:00","og_image":[{"width":500,"height":500,"url":"https:\/\/ltuarmor.com\/wp-content\/uploads\/2023\/06\/ltuarmor_ico.png","type":"image\/png"}],"twitter_card":"summary_large_image","twitter_misc":{"Est. reading time":"1 minute"},"schema":{"@context":"https:\/\/schema.org","@graph":[{"@type":"WebPage","@id":"https:\/\/ltuarmor.com\/","url":"https:\/\/ltuarmor.com\/","name":"ltuarmor.com","isPartOf":{"@id":"https:\/\/ltuarmor.com\/#website"},"datePublished":"2021-03-17T08:48:08+00:00","dateModified":"2024-07-04T17:06:27+00:00","description":"I\u0161bandykite m\u016bs\u0173 naujas taktines ir \u017evalgybines bepilotes skraidykles ir dronus. \u012evairi\u0173 \u0161ali\u0173 in\u017einieri\u0173 ir specialist\u0173 komanda suk\u016br\u0117 ir kuria inovatyvius sprendimus bei ES tiekia auk\u0161\u010diausios klas\u0117s karinius produktus, kit\u0105 moderni\u0105 \u012frang\u0105.","breadcrumb":{"@id":"https:\/\/ltuarmor.com\/#breadcrumb"},"inLanguage":"en-US","potentialAction":[{"@type":"ReadAction","target":["https:\/\/ltuarmor.com\/"]}]},{"@type":"BreadcrumbList","@id":"https:\/\/ltuarmor.com\/#breadcrumb","itemListElement":[{"@type":"ListItem","position":1,"name":"Home","item":"https:\/\/ltuarmor.com\/"},{"@type":"ListItem","position":2,"name":"Titulinis"}]},{"@type":"WebSite","@id":"https:\/\/ltuarmor.com\/#website","url":"https:\/\/ltuarmor.com\/","name":"ltuarmor.com","description":"Parduodamos taktin\u0117s ir \u017evalgybin\u0117s bepilot\u0117s skraidykl\u0117s ir dronai bei j\u0173 priedai","publisher":{"@id":"https:\/\/ltuarmor.com\/#organization"},"potentialAction":[{"@type":"SearchAction","target":{"@type":"EntryPoint","urlTemplate":"https:\/\/ltuarmor.com\/?s={search_term_string}"},"query-input":{"@type":"PropertyValueSpecification","valueRequired":true,"valueName":"search_term_string"}}],"inLanguage":"en-US"},{"@type":"Organization","@id":"https:\/\/ltuarmor.com\/#organization","name":"LTUarmor","url":"https:\/\/ltuarmor.com\/","logo":{"@type":"ImageObject","inLanguage":"en-US","@id":"https:\/\/ltuarmor.com\/#\/schema\/logo\/image\/","url":"https:\/\/ltuarmor.com\/wp-content\/uploads\/2023\/05\/logo-ltu-1080x1080px.png","contentUrl":"https:\/\/ltuarmor.com\/wp-content\/uploads\/2023\/05\/logo-ltu-1080x1080px.png","width":1080,"height":1080,"caption":"LTUarmor"},"image":{"@id":"https:\/\/ltuarmor.com\/#\/schema\/logo\/image\/"}}]}},"jetpack_sharing_enabled":true,"_links":{"self":[{"href":"https:\/\/ltuarmor.com\/en\/wp-json\/wp\/v2\/pages\/1194","targetHints":{"allow":["GET"]}}],"collection":[{"href":"https:\/\/ltuarmor.com\/en\/wp-json\/wp\/v2\/pages"}],"about":[{"href":"https:\/\/ltuarmor.com\/en\/wp-json\/wp\/v2\/types\/page"}],"author":[{"embeddable":true,"href":"https:\/\/ltuarmor.com\/en\/wp-json\/wp\/v2\/users\/1"}],"replies":[{"embeddable":true,"href":"https:\/\/ltuarmor.com\/en\/wp-json\/wp\/v2\/comments?post=1194"}],"version-history":[{"count":0,"href":"https:\/\/ltuarmor.com\/en\/wp-json\/wp\/v2\/pages\/1194\/revisions"}],"wp:attachment":[{"href":"https:\/\/ltuarmor.com\/en\/wp-json\/wp\/v2\/media?parent=1194"}],"curies":[{"name":"wp","href":"https:\/\/api.w.org\/{rel}","templated":true}]}}