{"id":1191,"date":"2021-03-17T08:32:39","date_gmt":"2021-03-17T08:32:39","guid":{"rendered":"https:\/\/ltuarmor.com\/cart-2\/"},"modified":"2023-07-25T17:03:54","modified_gmt":"2023-07-25T17:03:54","slug":"krepselis","status":"publish","type":"page","link":"https:\/\/ltuarmor.com\/en\/krepselis\/","title":{"rendered":"Cart"},"content":{"rendered":"<p  style=\"border: 2px solid #70A9D5; border-radius: 5px; padding: 10px 10px 20px 10px; margin: 10px 0px 40px 0px; background-color: #EAF5FD;\">SHIPPING INFORMATION: The products will be manufactured, their delivery may take up to 90 days from the order date.<\/p><div class=\"wp-block-buttons is-vertical is-layout-flex wp-container-core-buttons-is-layout-1 wp-block-buttons-is-layout-flex\"><\/div>","protected":false},"excerpt":{"rendered":"<p>SHIPPING INFORMATION: The products will be manufactured, their delivery may take up to 90 days from the order date.<\/p>","protected":false},"author":1,"featured_media":0,"parent":0,"menu_order":0,"comment_status":"closed","ping_status":"closed","template":"","meta":{"site-sidebar-layout":"default","site-content-layout":"","ast-site-content-layout":"","site-content-style":"default","site-sidebar-style":"default","ast-global-header-display":"","ast-banner-title-visibility":"","ast-main-header-display":"","ast-hfb-above-header-display":"","ast-hfb-below-header-display":"","ast-hfb-mobile-header-display":"","site-post-title":"","ast-breadcrumbs-content":"","ast-featured-img":"","footer-sml-layout":"","theme-transparent-header-meta":"","adv-header-id-meta":"","stick-header-meta":"","header-above-stick-meta":"","header-main-stick-meta":"","header-below-stick-meta":"","astra-migrate-meta-layouts":"default","ast-page-background-enabled":"default","ast-page-background-meta":{"desktop":{"background-color":"","background-image":"","background-repeat":"repeat","background-position":"center center","background-size":"auto","background-attachment":"scroll","background-type":"","background-media":"","overlay-type":"","overlay-color":"","overlay-opacity":"","overlay-gradient":""},"tablet":{"background-color":"","background-image":"","background-repeat":"repeat","background-position":"center center","background-size":"auto","background-attachment":"scroll","background-type":"","background-media":"","overlay-type":"","overlay-color":"","overlay-opacity":"","overlay-gradient":""},"mobile":{"background-color":"","background-image":"","background-repeat":"repeat","background-position":"center center","background-size":"auto","background-attachment":"scroll","background-type":"","background-media":"","overlay-type":"","overlay-color":"","overlay-opacity":"","overlay-gradient":""}},"ast-content-background-meta":{"desktop":{"background-color":"var(--ast-global-color-5)","background-image":"","background-repeat":"repeat","background-position":"center center","background-size":"auto","background-attachment":"scroll","background-type":"","background-media":"","overlay-type":"","overlay-color":"","overlay-opacity":"","overlay-gradient":""},"tablet":{"background-color":"var(--ast-global-color-5)","background-image":"","background-repeat":"repeat","background-position":"center center","background-size":"auto","background-attachment":"scroll","background-type":"","background-media":"","overlay-type":"","overlay-color":"","overlay-opacity":"","overlay-gradient":""},"mobile":{"background-color":"var(--ast-global-color-5)","background-image":"","background-repeat":"repeat","background-position":"center center","background-size":"auto","background-attachment":"scroll","background-type":"","background-media":"","overlay-type":"","overlay-color":"","overlay-opacity":"","overlay-gradient":""}},"footnotes":""},"class_list":["post-1191","page","type-page","status-publish","hentry"],"yoast_head":"<!-- This site is optimized with the Yoast SEO plugin v24.3 - https:\/\/yoast.com\/wordpress\/plugins\/seo\/ -->\n<title>Krep\u0161elis - ltuarmor.com<\/title>\n<meta name=\"description\" content=\"Taktin\u0117s ir \u017evalgybin\u0117s bepilot\u0117s skraidykl\u0117s ir j\u0173 priedai - PRISTATYMO INFORMACIJA: Prek\u0117s bus gaminamos, tod\u0117l j\u0173 pristatymas gali u\u017etrukti iki 90 dien\u0173 nuo u\u017esakymo datos.\" \/>\n<meta name=\"robots\" content=\"index, follow, max-snippet:-1, max-image-preview:large, max-video-preview:-1\" \/>\n<link rel=\"canonical\" href=\"https:\/\/ltuarmor.com\/en\/krepselis\/\" \/>\n<meta property=\"og:locale\" content=\"en_US\" \/>\n<meta property=\"og:type\" content=\"article\" \/>\n<meta property=\"og:title\" content=\"Krep\u0161elis - ltuarmor.com\" \/>\n<meta property=\"og:description\" content=\"Taktin\u0117s ir \u017evalgybin\u0117s bepilot\u0117s skraidykl\u0117s ir j\u0173 priedai - PRISTATYMO INFORMACIJA: Prek\u0117s bus gaminamos, tod\u0117l j\u0173 pristatymas gali u\u017etrukti iki 90 dien\u0173 nuo u\u017esakymo datos.\" \/>\n<meta property=\"og:url\" content=\"https:\/\/ltuarmor.com\/en\/krepselis\/\" \/>\n<meta property=\"og:site_name\" content=\"ltuarmor.com\" \/>\n<meta property=\"article:modified_time\" content=\"2023-07-25T17:03:54+00:00\" \/>\n<meta property=\"og:image\" content=\"https:\/\/ltuarmor.com\/wp-content\/uploads\/2023\/06\/ltuarmor_ico.png\" \/>\n\t<meta property=\"og:image:width\" content=\"500\" \/>\n\t<meta property=\"og:image:height\" content=\"500\" \/>\n\t<meta property=\"og:image:type\" content=\"image\/png\" \/>\n<meta name=\"twitter:card\" content=\"summary_large_image\" \/>\n<meta name=\"twitter:label1\" content=\"Est. reading time\" \/>\n\t<meta name=\"twitter:data1\" content=\"1 minute\" \/>\n<script type=\"application\/ld+json\" class=\"yoast-schema-graph\">{\"@context\":\"https:\/\/schema.org\",\"@graph\":[{\"@type\":\"WebPage\",\"@id\":\"https:\/\/ltuarmor.com\/krepselis\/\",\"url\":\"https:\/\/ltuarmor.com\/krepselis\/\",\"name\":\"Krep\u0161elis - ltuarmor.com\",\"isPartOf\":{\"@id\":\"https:\/\/ltuarmor.com\/#website\"},\"datePublished\":\"2021-03-17T08:32:39+00:00\",\"dateModified\":\"2023-07-25T17:03:54+00:00\",\"description\":\"Taktin\u0117s ir \u017evalgybin\u0117s bepilot\u0117s skraidykl\u0117s ir j\u0173 priedai - PRISTATYMO INFORMACIJA: Prek\u0117s bus gaminamos, tod\u0117l j\u0173 pristatymas gali u\u017etrukti iki 90 dien\u0173 nuo u\u017esakymo datos.\",\"breadcrumb\":{\"@id\":\"https:\/\/ltuarmor.com\/krepselis\/#breadcrumb\"},\"inLanguage\":\"en-US\",\"potentialAction\":[{\"@type\":\"ReadAction\",\"target\":[\"https:\/\/ltuarmor.com\/krepselis\/\"]}]},{\"@type\":\"BreadcrumbList\",\"@id\":\"https:\/\/ltuarmor.com\/krepselis\/#breadcrumb\",\"itemListElement\":[{\"@type\":\"ListItem\",\"position\":1,\"name\":\"Home\",\"item\":\"https:\/\/ltuarmor.com\/\"},{\"@type\":\"ListItem\",\"position\":2,\"name\":\"Krep\u0161elis\"}]},{\"@type\":\"WebSite\",\"@id\":\"https:\/\/ltuarmor.com\/#website\",\"url\":\"https:\/\/ltuarmor.com\/\",\"name\":\"ltuarmor.com\",\"description\":\"Parduodamos taktin\u0117s ir \u017evalgybin\u0117s bepilot\u0117s skraidykl\u0117s ir dronai bei j\u0173 priedai\",\"publisher\":{\"@id\":\"https:\/\/ltuarmor.com\/#organization\"},\"potentialAction\":[{\"@type\":\"SearchAction\",\"target\":{\"@type\":\"EntryPoint\",\"urlTemplate\":\"https:\/\/ltuarmor.com\/?s={search_term_string}\"},\"query-input\":{\"@type\":\"PropertyValueSpecification\",\"valueRequired\":true,\"valueName\":\"search_term_string\"}}],\"inLanguage\":\"en-US\"},{\"@type\":\"Organization\",\"@id\":\"https:\/\/ltuarmor.com\/#organization\",\"name\":\"LTUarmor\",\"url\":\"https:\/\/ltuarmor.com\/\",\"logo\":{\"@type\":\"ImageObject\",\"inLanguage\":\"en-US\",\"@id\":\"https:\/\/ltuarmor.com\/#\/schema\/logo\/image\/\",\"url\":\"https:\/\/ltuarmor.com\/wp-content\/uploads\/2023\/05\/logo-ltu-1080x1080px.png\",\"contentUrl\":\"https:\/\/ltuarmor.com\/wp-content\/uploads\/2023\/05\/logo-ltu-1080x1080px.png\",\"width\":1080,\"height\":1080,\"caption\":\"LTUarmor\"},\"image\":{\"@id\":\"https:\/\/ltuarmor.com\/#\/schema\/logo\/image\/\"}}]}<\/script>\n<!-- \/ Yoast SEO plugin. -->","yoast_head_json":{"title":"Krep\u0161elis - ltuarmor.com","description":"Taktin\u0117s ir \u017evalgybin\u0117s bepilot\u0117s skraidykl\u0117s ir j\u0173 priedai - PRISTATYMO INFORMACIJA: Prek\u0117s bus gaminamos, tod\u0117l j\u0173 pristatymas gali u\u017etrukti iki 90 dien\u0173 nuo u\u017esakymo datos.","robots":{"index":"index","follow":"follow","max-snippet":"max-snippet:-1","max-image-preview":"max-image-preview:large","max-video-preview":"max-video-preview:-1"},"canonical":"https:\/\/ltuarmor.com\/en\/krepselis\/","og_locale":"en_US","og_type":"article","og_title":"Krep\u0161elis - ltuarmor.com","og_description":"Taktin\u0117s ir \u017evalgybin\u0117s bepilot\u0117s skraidykl\u0117s ir j\u0173 priedai - PRISTATYMO INFORMACIJA: Prek\u0117s bus gaminamos, tod\u0117l j\u0173 pristatymas gali u\u017etrukti iki 90 dien\u0173 nuo u\u017esakymo datos.","og_url":"https:\/\/ltuarmor.com\/en\/krepselis\/","og_site_name":"ltuarmor.com","article_modified_time":"2023-07-25T17:03:54+00:00","og_image":[{"width":500,"height":500,"url":"https:\/\/ltuarmor.com\/wp-content\/uploads\/2023\/06\/ltuarmor_ico.png","type":"image\/png"}],"twitter_card":"summary_large_image","twitter_misc":{"Est. reading time":"1 minute"},"schema":{"@context":"https:\/\/schema.org","@graph":[{"@type":"WebPage","@id":"https:\/\/ltuarmor.com\/krepselis\/","url":"https:\/\/ltuarmor.com\/krepselis\/","name":"Krep\u0161elis - ltuarmor.com","isPartOf":{"@id":"https:\/\/ltuarmor.com\/#website"},"datePublished":"2021-03-17T08:32:39+00:00","dateModified":"2023-07-25T17:03:54+00:00","description":"Taktin\u0117s ir \u017evalgybin\u0117s bepilot\u0117s skraidykl\u0117s ir j\u0173 priedai - PRISTATYMO INFORMACIJA: Prek\u0117s bus gaminamos, tod\u0117l j\u0173 pristatymas gali u\u017etrukti iki 90 dien\u0173 nuo u\u017esakymo datos.","breadcrumb":{"@id":"https:\/\/ltuarmor.com\/krepselis\/#breadcrumb"},"inLanguage":"en-US","potentialAction":[{"@type":"ReadAction","target":["https:\/\/ltuarmor.com\/krepselis\/"]}]},{"@type":"BreadcrumbList","@id":"https:\/\/ltuarmor.com\/krepselis\/#breadcrumb","itemListElement":[{"@type":"ListItem","position":1,"name":"Home","item":"https:\/\/ltuarmor.com\/"},{"@type":"ListItem","position":2,"name":"Krep\u0161elis"}]},{"@type":"WebSite","@id":"https:\/\/ltuarmor.com\/#website","url":"https:\/\/ltuarmor.com\/","name":"ltuarmor.com","description":"Parduodamos taktin\u0117s ir \u017evalgybin\u0117s bepilot\u0117s skraidykl\u0117s ir dronai bei j\u0173 priedai","publisher":{"@id":"https:\/\/ltuarmor.com\/#organization"},"potentialAction":[{"@type":"SearchAction","target":{"@type":"EntryPoint","urlTemplate":"https:\/\/ltuarmor.com\/?s={search_term_string}"},"query-input":{"@type":"PropertyValueSpecification","valueRequired":true,"valueName":"search_term_string"}}],"inLanguage":"en-US"},{"@type":"Organization","@id":"https:\/\/ltuarmor.com\/#organization","name":"LTUarmor","url":"https:\/\/ltuarmor.com\/","logo":{"@type":"ImageObject","inLanguage":"en-US","@id":"https:\/\/ltuarmor.com\/#\/schema\/logo\/image\/","url":"https:\/\/ltuarmor.com\/wp-content\/uploads\/2023\/05\/logo-ltu-1080x1080px.png","contentUrl":"https:\/\/ltuarmor.com\/wp-content\/uploads\/2023\/05\/logo-ltu-1080x1080px.png","width":1080,"height":1080,"caption":"LTUarmor"},"image":{"@id":"https:\/\/ltuarmor.com\/#\/schema\/logo\/image\/"}}]}},"jetpack_sharing_enabled":true,"_links":{"self":[{"href":"https:\/\/ltuarmor.com\/en\/wp-json\/wp\/v2\/pages\/1191","targetHints":{"allow":["GET"]}}],"collection":[{"href":"https:\/\/ltuarmor.com\/en\/wp-json\/wp\/v2\/pages"}],"about":[{"href":"https:\/\/ltuarmor.com\/en\/wp-json\/wp\/v2\/types\/page"}],"author":[{"embeddable":true,"href":"https:\/\/ltuarmor.com\/en\/wp-json\/wp\/v2\/users\/1"}],"replies":[{"embeddable":true,"href":"https:\/\/ltuarmor.com\/en\/wp-json\/wp\/v2\/comments?post=1191"}],"version-history":[{"count":0,"href":"https:\/\/ltuarmor.com\/en\/wp-json\/wp\/v2\/pages\/1191\/revisions"}],"wp:attachment":[{"href":"https:\/\/ltuarmor.com\/en\/wp-json\/wp\/v2\/media?parent=1191"}],"curies":[{"name":"wp","href":"https:\/\/api.w.org\/{rel}","templated":true}]}}